{"id":97,"date":"2022-06-21T14:48:10","date_gmt":"2022-06-21T14:48:10","guid":{"rendered":"https:\/\/b-eco.erasmus.site\/?page_id=97"},"modified":"2024-09-13T15:49:34","modified_gmt":"2024-09-13T13:49:34","slug":"project-results","status":"publish","type":"page","link":"https:\/\/b-eco.erasmus.site\/si\/project-results\/","title":{"rendered":"Rezultati projekta"},"content":{"rendered":"<p><strong>PR1: Usposabljanje za eko-podjetnike<\/strong> &#8211; program usposabljanja, ki izbolj\u0161uje ozave\u0161\u010denost, izku\u0161nje in ve\u0161\u010dine, potrebne za ni\u017eje kvalificirane mlade ljudi, da postanejo podjetniki v eko-podjetni\u0161kem sektorju, ki ga je prizadela pandemija COVID. Kompetence in ve\u0161\u010dine, ki jih program pou\u010duje, so dopolnjene z novo razvito u\u010dno metodologijo, imenovano B-ECO Branching, ki se osredoto\u010da na trajnostni razvoj v povezavi s podjetni\u0161tvom. Metodologija zdru\u017euje tehnike coachinga, mentorstva in aktivnega u\u010denja z namenom, da olaj\u0161a skupinsko razpravo, in individualno izra\u017eanje problemov ter refleksijo, dolo\u010danje ciljev in osebno na\u010drtovanje ukrepov, vklju\u010dno s trajnostnimi in zelenimi vidiki.<\/p>\n<div class=\"row\">\n<div class=\"col-sm-3\" style=\"text-align: center;\"><a href=\"https:\/\/b-eco.erasmus.site\/wp-content\/uploads\/2023\/11\/B-ECO_Curriculum_SLO.pdf\" target=\"_blank\" rel=\"noopener noreferrer\"><br \/>\n<img loading=\"lazy\" decoding=\"async\" class=\"size-medium wp-image-117 aligncenter\" style=\"box-shadow: 5px 5px 10px;\" src=\"https:\/\/b-eco.erasmus.site\/wp-content\/uploads\/2023\/11\/B-ECO_Curriculum_SLO.jpg\" alt=\"\" width=\"212\" height=\"300\" \/><br \/>\nDownload<\/a><\/div>\n<\/div>\n<hr \/>\n<p><strong>PR2: Didakti\u010dni materiali za u\u010ditelje v poklicnem izobra\u017eevanju<\/strong> &#8211; Didakti\u010dni materiali so namenjeni podpori trenerjem in pedagogom v poklicnem izobra\u017eevanju pri uporabi e-ucilnice in B-ECO Branching pri u\u010dnih urah podjetni\u0161tva. Materiali so v elektronski obliki, dostopni za prenos s spletnega mesta B-ECO projekta in neposredno iz e-ucilnice, spodbujajo\u010d uporabo digitalnih sredstev z namenom trajnostnega delovanja. Vklju\u010dujejo opise modulov in u\u010dnih gradiv, ki jih lahko trenerji uporabljajo med u\u010dnimi urami, ter podroben vodnik za vzpostavitev in izvajanje B-ECO Branches.<\/p>\n<div class=\"row\">\n<div class=\"col-sm-3\" style=\"text-align: center;\"><a href=\"https:\/\/b-eco.erasmus.site\/wp-content\/uploads\/2024\/06\/B-ECO-R2_Didactic-Material-Vet-Teachers_Final_SLO.pdf\" target=\"_blank\" rel=\"noopener noreferrer\"><br \/>\n<img loading=\"lazy\" decoding=\"async\" class=\"size-medium wp-image-117 aligncenter\" style=\"box-shadow: 5px 5px 10px;\" src=\"https:\/\/b-eco.erasmus.site\/wp-content\/uploads\/2024\/04\/B-ECO-R2_Didactic-Material-Vet-Teachers_Final_SLO-pdf.jpg\" alt=\"\" width=\"212\" height=\"300\" \/><br \/>\nDownload<\/a><\/div>\n<\/div>\n<hr \/>\n<p><strong>PR3: Zbirka primerov &#8220;Najbolj\u0161i dose\u017eki&#8221;<\/strong> &#8211; Zbirka primerov je publikacija, ki prikazuje vsaj 30 primerov uspe\u0161nih eko-podjetni\u0161kih podjetij in slu\u017ei kot navdih in motivacija za podjetni\u0161ko izobra\u017eevanje. Partnerji v projektu so poizku\u0161ali najti potencialno zanimive primere, ki niso omejeni samo na dr\u017eave projektnih partnerjev, temve\u010d na celotno Evropo.<\/p>\n<div class=\"row\">\n<div class=\"col-sm-3\" style=\"text-align: center;\"><a href=\"https:\/\/b-eco.erasmus.site\/wp-content\/uploads\/2024\/04\/B-ECO-Case-studies_SL.pdf\" target=\"_blank\" rel=\"noopener noreferrer\"><br \/>\n<img loading=\"lazy\" decoding=\"async\" class=\"size-medium wp-image-117 aligncenter\" style=\"box-shadow: 5px 5px 10px;\" src=\"https:\/\/b-eco.erasmus.site\/wp-content\/uploads\/2024\/04\/B-ECO-Case-studies_SL.jpg\" alt=\"\" width=\"212\" height=\"300\" \/><br \/>\nDownload<\/a><\/div>\n<\/div>\n<hr \/>\n<p><strong>PR4: E-u\u010dilnica\/platforma za eko-podjetnike<\/strong> &#8211; Zbir spletnih u\u010dnih modulov z orodji ki omogo\u010dajo razvoj visoko interaktivnih in inovativnih usposabljanj. Platforma vsebuje tudi socialne module v obliki foruma, ki omogo\u010da krepitev mednarodnega sodelovanja med eko-podjetniki in startupi. Socialna e-ucilnica za eko-podjetnike je inovativna spletna platforma, ki je vsem dostopna brezpla\u010dno. Socialni zna\u010daj platforme z integriranim forumom zagotavlja popolno u\u010dno prilo\u017enost za ciljno skupino ter mo\u017enost povezovanja podjetij in podjetnikov.<\/p>\n<p style=\"text-align: center;\"><a href=\"https:\/\/b-eco.erasmus.site\/platform\/\" target=\"_blank\" rel=\"noopener\">Open<\/a><\/p>\n<p><\/p>","protected":false},"excerpt":{"rendered":"<p>PR1: Usposabljanje za eko-podjetnike &#8211; program usposabljanja, ki izbolj\u0161uje ozave\u0161\u010denost, izku\u0161nje in ve\u0161\u010dine, potrebne za ni\u017eje kvalificirane mlade ljudi, da&hellip;&nbsp;<\/p>\n","protected":false},"author":1,"featured_media":0,"parent":0,"menu_order":0,"comment_status":"closed","ping_status":"closed","template":"","meta":{"neve_meta_sidebar":"","neve_meta_container":"","neve_meta_enable_content_width":"off","neve_meta_content_width":100,"neve_meta_title_alignment":"","neve_meta_author_avatar":"","neve_post_elements_order":"","neve_meta_disable_header":"","neve_meta_disable_footer":"","neve_meta_disable_title":"","footnotes":""},"class_list":["post-97","page","type-page","status-publish","hentry"],"_links":{"self":[{"href":"https:\/\/b-eco.erasmus.site\/si\/wp-json\/wp\/v2\/pages\/97","targetHints":{"allow":["GET"]}}],"collection":[{"href":"https:\/\/b-eco.erasmus.site\/si\/wp-json\/wp\/v2\/pages"}],"about":[{"href":"https:\/\/b-eco.erasmus.site\/si\/wp-json\/wp\/v2\/types\/page"}],"author":[{"embeddable":true,"href":"https:\/\/b-eco.erasmus.site\/si\/wp-json\/wp\/v2\/users\/1"}],"replies":[{"embeddable":true,"href":"https:\/\/b-eco.erasmus.site\/si\/wp-json\/wp\/v2\/comments?post=97"}],"version-history":[{"count":32,"href":"https:\/\/b-eco.erasmus.site\/si\/wp-json\/wp\/v2\/pages\/97\/revisions"}],"predecessor-version":[{"id":1009,"href":"https:\/\/b-eco.erasmus.site\/si\/wp-json\/wp\/v2\/pages\/97\/revisions\/1009"}],"wp:attachment":[{"href":"https:\/\/b-eco.erasmus.site\/si\/wp-json\/wp\/v2\/media?parent=97"}],"curies":[{"name":"wp","href":"https:\/\/api.w.org\/{rel}","templated":true}]}}