{"id":97,"date":"2022-06-21T14:48:10","date_gmt":"2022-06-21T14:48:10","guid":{"rendered":"https:\/\/b-eco.erasmus.site\/?page_id=97"},"modified":"2024-09-13T15:49:34","modified_gmt":"2024-09-13T13:49:34","slug":"project-results","status":"publish","type":"page","link":"https:\/\/b-eco.erasmus.site\/pt\/project-results\/","title":{"rendered":"Resultados do Projeto"},"content":{"rendered":"<p><strong>&#8220;R1 O Curso de Forma\u00e7\u00e3o de Ecoempreendedores<\/strong> &#8211; um programa de forma\u00e7\u00e3o que melhora a sensibiliza\u00e7\u00e3o, a experi\u00eancia e as compet\u00eancias necess\u00e1rias para que os jovens pouco qualificados se tornem empres\u00e1rios no sector eco-empresarial que foi afetado pela COVID. As compet\u00eancias e aptid\u00f5es ministradas pelo programa s\u00e3o complementadas por uma metodologia de aprendizagem recentemente desenvolvida, denominada B-ECO Branches, que se centram no desenvolvimento da sustentabilidade relacionada com o empreendedorismo. A metodologia combina t\u00e9cnicas de coaching, mentoria e aprendizagem pela a\u00e7\u00e3o para facilitar a discuss\u00e3o em grupo e a exposi\u00e7\u00e3o individual de quest\u00f5es, a reflex\u00e3o, a defini\u00e7\u00e3o de objectivos e o planeamento de a\u00e7\u00f5es pessoais, que incluem geralmente aspectos sustent\u00e1veis e ecol\u00f3gicos.<\/p>\n<div class=\"row\">\n<div class=\"col-sm-3\" style=\"text-align: center;\"><a href=\"https:\/\/b-eco.erasmus.site\/wp-content\/uploads\/2023\/11\/B-ECO_Curriculum_PT.pdf\" target=\"_blank\" rel=\"noopener noreferrer\"><br \/>\n<img loading=\"lazy\" decoding=\"async\" class=\"size-medium wp-image-117 aligncenter\" style=\"box-shadow: 5px 5px 10px;\" src=\"https:\/\/b-eco.erasmus.site\/wp-content\/uploads\/2023\/11\/B-ECO_Curriculum_PT.jpg\" alt=\"\" width=\"212\" height=\"300\" \/><br \/>\nDownload<\/a><\/div>\n<\/div>\n<hr \/>\n<p><strong>R2 Materiais Did\u00e1ticos para Professores de EFP<\/strong> \u2013 Os materiais did\u00e1ticos t\u00eam como objetivo apoiar os formadores e educadores de EFP na utiliza\u00e7\u00e3o da plataforma de e-learning e das B-ECO Branches durante as sess\u00f5es de empreendedorismo. Os materiais s\u00e3o em formato eletr\u00f3nico, dispon\u00edveis para download no website do projeto e diretamente na plataforma de e-learning, e promovem a implementa\u00e7\u00e3o dos meios digitais para ser mais ecol\u00f3gico. Incluem a descri\u00e7\u00e3o dos m\u00f3dulos e dos materiais de aprendizagem para os formadores utilizarem durante as suas sess\u00f5es, bem como um guia pormenorizado para a cria\u00e7\u00e3o e funcionamento das B-ECO Branches pelo formandos.<\/p>\n<div class=\"row\">\n<div class=\"col-sm-3\" style=\"text-align: center;\"><a href=\"https:\/\/b-eco.erasmus.site\/wp-content\/uploads\/2024\/06\/B-ECO-R2_Didactic-Material-Vet-Teachers_Final_PT.pdf\" target=\"_blank\" rel=\"noopener noreferrer\"><br \/>\n<img decoding=\"async\" class=\"size-medium wp-image-117 aligncenter\" style=\"box-shadow: 5px 5px 10px;\" src=\"https:\/\/b-eco.erasmus.site\/wp-content\/uploads\/2024\/04\/B-ECO-R2_Didactic-Material-Vet-Teachers_Final_EN.jpg\" alt=\"\" width=\"212\" height=\"300\" \/><br \/>\nDownload<\/a><\/div>\n<\/div>\n<hr \/>\n<p><strong>R3 Cole\u00e7\u00e3o de Estudos de Caso \u201cGreatest hits\u201d<\/strong>&#8211; A cole\u00e7\u00e3o de estudos de caso \u00e9 uma publica\u00e7\u00e3o que apresenta pelo menos 30 exemplos de empresas eco-empresariais de sucesso que podem servir de inspira\u00e7\u00e3o e motiva\u00e7\u00e3o para a forma\u00e7\u00e3o de empreendedorismo. Os parceiros colecionaram os casos e encontraram exemplos que s\u00e3o potencialmente interessantes e que v\u00eam n\u00e3o s\u00f3 dos pa\u00edses da parceria mas de toda a Europa.<\/p>\n<div class=\"row\">\n<div class=\"col-sm-3\" style=\"text-align: center;\"><a href=\"https:\/\/b-eco.erasmus.site\/wp-content\/uploads\/2024\/04\/B-ECO-Case-studies_PT.pdf\" target=\"_blank\" rel=\"noopener noreferrer\"><br \/>\n<img loading=\"lazy\" decoding=\"async\" class=\"size-medium wp-image-117 aligncenter\" style=\"box-shadow: 5px 5px 10px;\" src=\"https:\/\/b-eco.erasmus.site\/wp-content\/uploads\/2024\/04\/B-ECO-Case-studies_PT.jpg\" alt=\"\" width=\"212\" height=\"300\" \/><br \/>\nDownload<\/a><\/div>\n<\/div>\n<hr \/>\n<p><strong>R4 Social Eco E-Learning Platform <\/strong>\u2013 m\u00f3dulos de aprendizagem on-line para cursos, com algumas ferramentas de cria\u00e7\u00e3o de cursos, de modo a tornar vi\u00e1vel o desenvolvimento de cursos altamente interativos e inovadores. A plataforma cont\u00e9m tamb\u00e9m m\u00f3dulos sociais atrav\u00e9s de um f\u00f3rum que permite refor\u00e7ar a colabora\u00e7\u00e3o transnacional entre Eco empres\u00e1rios e start-ups. A Plataforma Social Eco e-Learning \u00e9 uma plataforma online inovadora e de acesso livre. O car\u00e1cter social da plataforma, com a integra\u00e7\u00e3o de um f\u00f3rum, proporciona uma oportunidade de aprendizagem completa para o p\u00fablico-alvo, com a possibilidade de ligar empresas e empres\u00e1rios.<\/p>\n<p style=\"text-align: center;\"><a href=\"https:\/\/b-eco.erasmus.site\/platform\/\" target=\"_blank\" rel=\"noopener\">Open<\/a><\/p>\n<p><\/p>","protected":false},"excerpt":{"rendered":"<p>&#8220;R1 O Curso de Forma\u00e7\u00e3o de Ecoempreendedores &#8211; um programa de forma\u00e7\u00e3o que melhora a sensibiliza\u00e7\u00e3o, a experi\u00eancia e as&hellip;&nbsp;<\/p>\n","protected":false},"author":1,"featured_media":0,"parent":0,"menu_order":0,"comment_status":"closed","ping_status":"closed","template":"","meta":{"neve_meta_sidebar":"","neve_meta_container":"","neve_meta_enable_content_width":"off","neve_meta_content_width":100,"neve_meta_title_alignment":"","neve_meta_author_avatar":"","neve_post_elements_order":"","neve_meta_disable_header":"","neve_meta_disable_footer":"","neve_meta_disable_title":"","footnotes":""},"class_list":["post-97","page","type-page","status-publish","hentry"],"_links":{"self":[{"href":"https:\/\/b-eco.erasmus.site\/pt\/wp-json\/wp\/v2\/pages\/97","targetHints":{"allow":["GET"]}}],"collection":[{"href":"https:\/\/b-eco.erasmus.site\/pt\/wp-json\/wp\/v2\/pages"}],"about":[{"href":"https:\/\/b-eco.erasmus.site\/pt\/wp-json\/wp\/v2\/types\/page"}],"author":[{"embeddable":true,"href":"https:\/\/b-eco.erasmus.site\/pt\/wp-json\/wp\/v2\/users\/1"}],"replies":[{"embeddable":true,"href":"https:\/\/b-eco.erasmus.site\/pt\/wp-json\/wp\/v2\/comments?post=97"}],"version-history":[{"count":32,"href":"https:\/\/b-eco.erasmus.site\/pt\/wp-json\/wp\/v2\/pages\/97\/revisions"}],"predecessor-version":[{"id":1009,"href":"https:\/\/b-eco.erasmus.site\/pt\/wp-json\/wp\/v2\/pages\/97\/revisions\/1009"}],"wp:attachment":[{"href":"https:\/\/b-eco.erasmus.site\/pt\/wp-json\/wp\/v2\/media?parent=97"}],"curies":[{"name":"wp","href":"https:\/\/api.w.org\/{rel}","templated":true}]}}