{"id":110,"date":"2022-06-21T14:55:17","date_gmt":"2022-06-21T14:55:17","guid":{"rendered":"https:\/\/b-eco.erasmus.site\/?page_id=110"},"modified":"2023-07-17T19:11:44","modified_gmt":"2023-07-17T19:11:44","slug":"partnership","status":"publish","type":"page","link":"https:\/\/b-eco.erasmus.site\/pt\/partnership\/","title":{"rendered":"Partnership"},"content":{"rendered":"<p><\/p>\n<h2 style=\"text-align: center;\"><img fetchpriority=\"high\" decoding=\"async\" class=\"wp-image-129 size-medium aligncenter\" src=\"https:\/\/b-eco.erasmus.site\/wp-content\/uploads\/2022\/06\/univ-300x300.png\" alt=\"\" width=\"300\" height=\"300\" srcset=\"https:\/\/b-eco.erasmus.site\/wp-content\/uploads\/2022\/06\/univ.png 300w, https:\/\/b-eco.erasmus.site\/wp-content\/uploads\/2022\/06\/univ-150x150.png 150w\" sizes=\"(max-width: 300px) 100vw, 300px\" \/>UNIVERZA V MARIBORU (UM) \u2013 Coordenador do Projeto<\/h2>\n<p>Univerza v Mariboru (PT: Universidade de Maribor) \u00e9 a segunda maior e a segunda mais antiga universidade da Eslov\u00eania. \u00c9 uma institui\u00e7\u00e3o p\u00fablica aut\u00f3noma de car\u00e1ter cient\u00edfico, de pesquisa e ensino, com 1.960 funcion\u00e1rios e aproximadamente 14.000 alunos, que estudam nas 17 faculdades. A Universidade de Maribor \u00e9 orientada para atrair os melhores alunos e criar um ambiente de desenvolvimento onde a excel\u00eancia est\u00e1 em casa em todos os aspectos. Est\u00e1-se a tornar uma institui\u00e7\u00e3o central de desenvolvimento, que estabelece v\u00ednculos com a economia e, juntamente com os parceiros, cria um centro de desenvolvimento sustent\u00e1vel para toda a regi\u00e3o. Est\u00e1 a desenvolver rapidamente novas \u00e1reas de atividade, testa novos m\u00e9todos de estudo e busca novas formas de integra\u00e7\u00e3o com ambiente.<\/p>\n<p>A UM est\u00e1 a desenvolver disciplinas cient\u00edficas, que abrangem engenharia, biotecnologia, humanidades, medicina, ci\u00eancias sociais e ci\u00eancias naturais. A UM \u00e9 um desenvolvedor regional cuja vis\u00e3o \u00e9 ser um ecossistema de inova\u00e7\u00e3o reconhecido globalmente, no qual os alunos, professores e funcion\u00e1rios administrativos se envolver\u00e3o entusiasticamente em atividades criativas. A UM visa promover parcerias com empresas, institui\u00e7\u00f5es governamentais e n\u00e3o governamentais e outras institui\u00e7\u00f5es da sociedade para enriquecer o ensino universit\u00e1rio, a investiga\u00e7\u00e3o e a atividade criativa; formar cidad\u00e3os educados e comprometido; fortalecer os valores democr\u00e1ticos e \u00e9ticos e a responsabilidade c\u00edvica, abordar quest\u00f5es sociais cr\u00edticas; respeitar as quest\u00f5es ecol\u00f3gicas e ambientais, promover a sustentabilidade no desenvolvimento; e contribuir para o bem p\u00fablico&#8221;.<\/p>\n<p>Site: <a href=\"https:\/\/www.um.si\/\">https:\/\/www.um.si\/<\/a><\/p>\n<p>Contacto: <a href=\"mailto:karolina.bucka@um.si\">karolina.bucka@um.si<\/a><\/p>\n<hr \/>\n<h2 style=\"text-align: center;\"><img decoding=\"async\" class=\"wp-image-71 size-medium aligncenter\" src=\"https:\/\/b-eco.erasmus.site\/wp-content\/uploads\/2022\/06\/lovila-300x300.png\" alt=\"\" width=\"300\" height=\"300\" srcset=\"https:\/\/b-eco.erasmus.site\/wp-content\/uploads\/2022\/06\/lovila.png 300w, https:\/\/b-eco.erasmus.site\/wp-content\/uploads\/2022\/06\/lovila-150x150.png 150w\" sizes=\"(max-width: 300px) 100vw, 300px\" \/>Lovila Limited \u2013 Chipre<\/h2>\n<p>A Lovila \u00e9 uma institui\u00e7\u00e3o cipriota de consultoria e forma\u00e7\u00e3o criada com o objectivo de fomentar o desenvolvimento profissional e pessoal de indiv\u00edduos, empresas e neg\u00f3cios rec\u00e9m-criados, centrada na promo\u00e7\u00e3o da aprendizagem ao longo da vida, da digitaliza\u00e7\u00e3o e da inova\u00e7\u00e3o em diferentes n\u00edveis e contextos de ensino. O Lovila oferece servi\u00e7os para empresas e empreendedores com necessidades de inova\u00e7\u00e3o, forma\u00e7\u00e3o e transforma\u00e7\u00e3o digital, que desempenham um papel cr\u00edtico na capacidade de uma organiza\u00e7\u00e3o evoluir com o mercado. Por outro lado, o Lovila presta um apoio formativo de alto n\u00edvel a jovens e adultos com necessidades de integra\u00e7\u00e3o profissional, desenvolvimento de compet\u00eancias e qualifica\u00e7\u00f5es b\u00e1sicas, compet\u00eancias digitais e empresariais, mentalidade e estilo de vida sustent\u00e1veis, integra\u00e7\u00e3o e reinser\u00e7\u00e3o no mercado de trabalho, motiva\u00e7\u00e3o, aconselhamento e orienta\u00e7\u00e3o laboral.<\/p>\n<p>A Lovila acredita na elevada import\u00e2ncia da sustentabilidade ambiental e na capacidade de estabilizar a actual rela\u00e7\u00e3o disruptiva entre a cultura humana e empresarial e o mundo vivo. Desta forma, os servi\u00e7os da empresa est\u00e3o sempre \u00e0 procura de pr\u00e1ticas de trabalho sustent\u00e1veis e de um futuro sustent\u00e1vel atrav\u00e9s da educa\u00e7\u00e3o.<\/p>\n<p>Site: <a href=\"http:\/\/www.lovila.eu\" target=\"_blank\" rel=\"noopener\">www.lovila.eu<\/a><\/p>\n<p>Contacto: <a href=\"mailto:info@lovila.eu\">info@lovila.eu<\/a><\/p>\n<hr \/>\n<h2 style=\"text-align: center;\"><img decoding=\"async\" class=\"wp-image-81 size-medium aligncenter\" src=\"https:\/\/b-eco.erasmus.site\/wp-content\/uploads\/2022\/06\/cwep-300x300.png\" alt=\"\" width=\"300\" height=\"300\" srcset=\"https:\/\/b-eco.erasmus.site\/wp-content\/uploads\/2022\/06\/cwep.png 300w, https:\/\/b-eco.erasmus.site\/wp-content\/uploads\/2022\/06\/cwep-150x150.png 150w\" sizes=\"(max-width: 300px) 100vw, 300px\" \/><strong>Centrum Wspierania Edukacji i Przedsi\u0119biorczo\u015bci (CWEP) \u2013 Pol\u00f3nia<br \/>\n<\/strong><\/h2>\n<p>Centro de Apoio \u00e0 Educa\u00e7\u00e3o e Empreendedorismo (CWEP) \u00e9 uma organiza\u00e7\u00e3o n\u00e3o governamental fundada em 2004 por um grupo de empres\u00e1rios, professores e ativistas sociais de Rzesz\u00f3w, Pol\u00f4nia. A CWEP coopera com empresas e institui\u00e7\u00f5es educacionais. A miss\u00e3o da CWEP \u00e9 aumentar a qualidade da forma\u00e7\u00e3o educacional em todos os n\u00edveis e em todas as modalidades, bem como promover o empreendedorismo de forma a promover a integra\u00e7\u00e3o de qualquer grupo social, independentemente do seu sexo, idade ou origem \u00e9tnica. Em particular, os objetivos s\u00e3o melhorar a acessibilidade, qualidade e efici\u00eancia da educa\u00e7\u00e3o para todas as pessoas, promover e contribuir para a educa\u00e7\u00e3o de adultos, aprendizagem ao longo da vida, e-learning e uso de novas tecnologias na educa\u00e7\u00e3o e empreendedorismo. A Associa\u00e7\u00e3o trabalha com muitos parceiros da Europa para fortalecer a posi\u00e7\u00e3o econ\u00f3mica das empresas e fornece plataformas online \u00e0s empresas.<\/p>\n<p>Site: <a href=\"http:\/\/www.cwep.eu\/\" target=\"_blank\" rel=\"noopener\">www.cwep.eu<\/a><\/p>\n<p>Contacto: <a href=\"mailto:office@cwep.eu\">office@cwep.eu<\/a><\/p>\n<hr \/>\n<h2 style=\"text-align: center;\"><img loading=\"lazy\" decoding=\"async\" class=\"wp-image-85 size-medium aligncenter\" src=\"https:\/\/b-eco.erasmus.site\/wp-content\/uploads\/2022\/06\/euphoria-300x300.png\" alt=\"\" width=\"300\" height=\"300\" srcset=\"https:\/\/b-eco.erasmus.site\/wp-content\/uploads\/2022\/06\/euphoria.png 300w, https:\/\/b-eco.erasmus.site\/wp-content\/uploads\/2022\/06\/euphoria-150x150.png 150w\" sizes=\"(max-width: 300px) 100vw, 300px\" \/>Euphoria Net &#8211; It\u00e1lia<\/h2>\n<p>A Euphoria Net Srl \u00e9 uma empresa Italiana constitu\u00edda em mar\u00e7o de 2019 (uma derivada da antiga Euphoria Association fundada em 2014) com o objetivo principal de presta\u00e7\u00e3o de servi\u00e7os na \u00e1rea de gest\u00e3o de projetos, em termos de apoio \u00e0s organiza\u00e7\u00f5es na realiza\u00e7\u00e3o e gest\u00e3o de projetos, bem como fornecer forma\u00e7\u00e3o sobre este t\u00f3pico. A Euphoria \u00e9 especializada na \u00e1rea da educa\u00e7\u00e3o e atua em projetos relacionados \u00e0 inova\u00e7\u00e3o nessas \u00e1reas. As tr\u00eas principais \u00e1reas de atua\u00e7\u00e3o s\u00e3o as seguintes: 1 \u2013 Gest\u00e3o de Projetos: acompanham todas as vertentes relacionadas com os projetos da UE; 2 \u2013 Cursos de forma\u00e7\u00e3o: organizam cursos de forma\u00e7\u00e3o especialmente para escolas de qualquer grau, universidades e associa\u00e7\u00f5es nos seguintes temas: gest\u00e3o de projetos, compet\u00eancias digitais, empreendedorismo, dinamiza\u00e7\u00e3o STEM na escola, cidadania da UE, aprendizagem personalizada, compet\u00eancias transversais e metodologias inovadoras. 3 \u2013 Organiza\u00e7\u00e3o de eventos e estrat\u00e9gias de comunica\u00e7\u00e3o: organizam estrat\u00e9gias de divulga\u00e7\u00e3o dentro dos projetos, incluindo a cria\u00e7\u00e3o de branding do projeto, comunica\u00e7\u00e3o, mapeamento de stakeholders, organiza\u00e7\u00e3o e coordena\u00e7\u00e3o de eventos em toda a Europa.<\/p>\n<p>Site: <a href=\"https:\/\/euphorianet.it\/\" target=\"_blank\" rel=\"noopener\">www.euphorianet.it<\/a><\/p>\n<p>Contacto: <a href=\"mailto:a.bevilacqua@euphorianet.it\">a.bevilacqua@euphorianet.it<\/a><\/p>\n<hr \/>\n<h2 style=\"text-align: center;\"><img loading=\"lazy\" decoding=\"async\" class=\"aligncenter wp-image-104 size-medium\" src=\"https:\/\/b-eco.erasmus.site\/wp-content\/uploads\/2022\/06\/epralima-300x300.png\" alt=\"\" width=\"300\" height=\"300\" srcset=\"https:\/\/b-eco.erasmus.site\/wp-content\/uploads\/2022\/06\/epralima.png 300w, https:\/\/b-eco.erasmus.site\/wp-content\/uploads\/2022\/06\/epralima-150x150.png 150w\" sizes=\"(max-width: 300px) 100vw, 300px\" \/>Epralima_Escola Profissional do Alto Lima<\/h2>\n<p>A Escola Profissional do Alto Lima, est\u00e1 situada no norte de Portugal, na vila de Arcos de Valdevez. \u00c9 composta por tr\u00eas delega\u00e7\u00f5es: a sede em Arcos de Valdevez, uma delega\u00e7\u00e3o em Ponte da Barca e uma delega\u00e7\u00e3o em Ponte de Lima. Disp\u00f5e ainda de um Centro T\u00e9cnico e de um Centro Qualifica que reconhece, valida e certifica compet\u00eancias.<\/p>\n<p>Entre as tr\u00eas delega\u00e7\u00f5es, a Epralima oferece um conjunto de cursos, desde Cozinha, Electr\u00f3nica, Turismo, Design Digital 3D, entre outros. Actualmente, a Epralima tem uma m\u00e9dia de 350 alunos divididos pelas 3 delega\u00e7\u00f5es.<\/p>\n<p>Como escola profissional, acredita que todos os alunos podem beneficiar do desenvolvimento de compet\u00eancias que os ensinam a pensar fora da caixa e que alimentam talentos n\u00e3o convencionais. Al\u00e9m disso, estas criam oportunidades, asseguram a justi\u00e7a social, incutem confian\u00e7a e estimulam a economia. Para a Epralima, trata-se de um processo de aprendizagem ao longo da vida que deve come\u00e7ar na escola prim\u00e1ria e continuar a crescer atrav\u00e9s de todos os n\u00edveis de ensino, incluindo a educa\u00e7\u00e3o de adultos.<\/p>\n<p>Site: <a href=\"https:\/\/www.epralima.com\">https:\/\/www.epralima.com<\/a><\/p>\n<p>Contacto: <a href=\"mailto:ceubranco@epralima.pt\">ceubranco@epralima.pt<\/a><\/p>\n<hr \/>\n<h2 style=\"text-align: center;\"><img loading=\"lazy\" decoding=\"async\" class=\"wp-image-90 size-medium aligncenter\" src=\"https:\/\/b-eco.erasmus.site\/wp-content\/uploads\/2022\/06\/eurotraining-300x300.png\" alt=\"\" width=\"300\" height=\"300\" srcset=\"https:\/\/b-eco.erasmus.site\/wp-content\/uploads\/2022\/06\/eurotraining.png 300w, https:\/\/b-eco.erasmus.site\/wp-content\/uploads\/2022\/06\/eurotraining-150x150.png 150w\" sizes=\"(max-width: 300px) 100vw, 300px\" \/><strong>EUROTraining<\/strong><\/h2>\n<p>A EUROTraining \u00e9 um centro de forma\u00e7\u00e3o profissional localizado em Atenas, na Gr\u00e9cia, com duas delega\u00e7\u00f5es adicionais certificadas nas cidades de Sal\u00f3nica e Volos, na Gr\u00e9cia. A EUROTraining \u00e9 especializada nos sectores do empreendedorismo, da educa\u00e7\u00e3o de adultos, das TIC, da gest\u00e3o financeira e do turismo. A organiza\u00e7\u00e3o est\u00e1 em estreita liga\u00e7\u00e3o com o mercado de trabalho e tenta ligar a sua oferta de estudos \u00e0s necessidades das empresas, organismos e organiza\u00e7\u00f5es, tanto do sector p\u00fablico como do privado. Um dos principais objectivos da organiza\u00e7\u00e3o \u00e9 contribuir para a melhoria das compet\u00eancias dos trabalhadores de forma a proporcionar-lhes uma vantagem competitiva.<\/p>\n<p>Os principais grupos-alvo dos programas de forma\u00e7\u00e3o e semin\u00e1rios da EUROTraining incluem, entre outros, desempregados, rec\u00e9m-empregados, jovens e potenciais empres\u00e1rios, empregados, pessoas com defici\u00eancia, directores executivos, licenciados de escolas secund\u00e1rias e universidades.<\/p>\n<p>As principais actividades da organiza\u00e7\u00e3o s\u00e3o a oferta de programas modernos de forma\u00e7\u00e3o profissional (tamb\u00e9m atrav\u00e9s de aprendizagem mista possibilitada pelas TIC), sistemas de gest\u00e3o da aprendizagem baseados na Web, semin\u00e1rios de forma\u00e7\u00e3o em recursos humanos e semin\u00e1rios de forma\u00e7\u00e3o interempresarial. As tr\u00eas filiais da EUROTraining na Gr\u00e9cia oferecem salas de aula espa\u00e7osas e modernas, laborat\u00f3rios de TI de \u00faltima gera\u00e7\u00e3o, equipamento especializado de f\u00e1cil acesso \u00e0s instala\u00e7\u00f5es, bibliotecas com acesso \u00e0 Internet, instala\u00e7\u00f5es de cuidados infantis e sistema de avalia\u00e7\u00e3o de desempenho de forma\u00e7\u00e3o (ARGUS ERP).<\/p>\n<p>Site: <a href=\"https:\/\/www.eurotraining.gr\/\" target=\"_blank\" rel=\"noopener\">www.eurotraining.gr<\/a><\/p>\n<p>Contacto: <a href=\"mailto:vkoutsogiannopoulou@eurotraining.gr\">vkoutsogiannopoulou@eurotraining.gr<\/a><\/p>\n<hr \/>\n<p><\/p>","protected":false},"excerpt":{"rendered":"<p>UNIVERZA V MARIBORU (UM) \u2013 Coordenador do Projeto Univerza v Mariboru (PT: Universidade de Maribor) \u00e9 a segunda maior e&hellip;&nbsp;<\/p>\n","protected":false},"author":1,"featured_media":0,"parent":0,"menu_order":0,"comment_status":"closed","ping_status":"closed","template":"","meta":{"neve_meta_sidebar":"","neve_meta_container":"","neve_meta_enable_content_width":"off","neve_meta_content_width":100,"neve_meta_title_alignment":"","neve_meta_author_avatar":"","neve_post_elements_order":"","neve_meta_disable_header":"","neve_meta_disable_footer":"","neve_meta_disable_title":"","footnotes":""},"class_list":["post-110","page","type-page","status-publish","hentry"],"_links":{"self":[{"href":"https:\/\/b-eco.erasmus.site\/pt\/wp-json\/wp\/v2\/pages\/110","targetHints":{"allow":["GET"]}}],"collection":[{"href":"https:\/\/b-eco.erasmus.site\/pt\/wp-json\/wp\/v2\/pages"}],"about":[{"href":"https:\/\/b-eco.erasmus.site\/pt\/wp-json\/wp\/v2\/types\/page"}],"author":[{"embeddable":true,"href":"https:\/\/b-eco.erasmus.site\/pt\/wp-json\/wp\/v2\/users\/1"}],"replies":[{"embeddable":true,"href":"https:\/\/b-eco.erasmus.site\/pt\/wp-json\/wp\/v2\/comments?post=110"}],"version-history":[{"count":14,"href":"https:\/\/b-eco.erasmus.site\/pt\/wp-json\/wp\/v2\/pages\/110\/revisions"}],"predecessor-version":[{"id":232,"href":"https:\/\/b-eco.erasmus.site\/pt\/wp-json\/wp\/v2\/pages\/110\/revisions\/232"}],"wp:attachment":[{"href":"https:\/\/b-eco.erasmus.site\/pt\/wp-json\/wp\/v2\/media?parent=110"}],"curies":[{"name":"wp","href":"https:\/\/api.w.org\/{rel}","templated":true}]}}