{"id":97,"date":"2022-06-21T14:48:10","date_gmt":"2022-06-21T14:48:10","guid":{"rendered":"https:\/\/b-eco.erasmus.site\/?page_id=97"},"modified":"2024-09-13T15:49:34","modified_gmt":"2024-09-13T13:49:34","slug":"project-results","status":"publish","type":"page","link":"https:\/\/b-eco.erasmus.site\/pl\/project-results\/","title":{"rendered":"Wyniki projektu"},"content":{"rendered":"<p><strong>PR1 Kurs szkoleniowy dla eko-przedsi\u0119biorc\u00f3w<\/strong> &#8211; program szkoleniowy, kt\u00f3ry zwi\u0119ksza \u015bwiadomo\u015b\u0107, do\u015bwiadczenie i umiej\u0119tno\u015bci wymagane dla nisko wykwalifikowanych m\u0142odych ludzi, aby sta\u0107 si\u0119 przedsi\u0119biorc\u0105 w sektorze eko-przedsi\u0119biorczo\u015bci, kt\u00f3ry zosta\u0142 dotkni\u0119ty przez COVID. Kompetencje i umiej\u0119tno\u015bci nauczane przez program zosta\u0142y uzupe\u0142nione o nowo opracowan\u0105 metodologi\u0119 uczenia si\u0119, zwan\u0105 B-ECO Branches, kt\u00f3ra skupia si\u0119 na rozwoju zr\u00f3wnowa\u017conym zwi\u0105zanym z przedsi\u0119biorczo\u015bci\u0105. Metodologia ta \u0142\u0105czy techniki coachingu, mentoringu i uczenia si\u0119 przez dzia\u0142anie, aby u\u0142atwi\u0107 dyskusj\u0119 w grupie i indywidualne rozwi\u0105zywanie problem\u00f3w, refleksj\u0119, wyznaczanie cel\u00f3w i osobiste planowanie dzia\u0142a\u0144, w tym zawsze zr\u00f3wnowa\u017cone i ekologiczne aspekty.<\/p>\n<div class=\"row\">\n<div class=\"col-sm-3\" style=\"text-align: center;\"><a href=\"https:\/\/b-eco.erasmus.site\/wp-content\/uploads\/2023\/11\/B-ECO_Curriculum_PL.pdf\" target=\"_blank\" rel=\"noopener noreferrer\"><br \/>\n<img loading=\"lazy\" decoding=\"async\" class=\"size-medium wp-image-117 aligncenter\" style=\"box-shadow: 5px 5px 10px;\" src=\"https:\/\/b-eco.erasmus.site\/wp-content\/uploads\/2023\/11\/B-ECO_Curriculum_PL.jpg\" alt=\"\" width=\"212\" height=\"300\" \/><br \/>\nDownload<\/a><\/div>\n<\/div>\n<hr \/>\n<p><strong>PR2 Materia\u0142y dydaktyczne dla nauczycieli VET<\/strong> &#8211; Materia\u0142y dydaktyczne maj\u0105 na celu wspieranie trener\u00f3w i edukator\u00f3w VET w korzystaniu z platformy e-learningowej oraz B-ECO Branches podczas sesji dotycz\u0105cych przedsi\u0119biorczo\u015bci. Materia\u0142y s\u0105 dost\u0119pne w formie elektronicznej, do pobrania ze strony internetowej projektu oraz bezpo\u015brednio z platformy e-learningowej, co sprzyja wdra\u017caniu cyfrowych \u015brodk\u00f3w do bycia bardziej ekologicznym. Zawieraj\u0105 opis modu\u0142\u00f3w i materia\u0142\u00f3w dydaktycznych dla trener\u00f3w do wykorzystania podczas ich sesji, a tak\u017ce szczeg\u00f3\u0142owy przewodnik zak\u0142adania i prowadzenia B-ECO Branches z uczniami.<\/p>\n<div class=\"row\">\n<div class=\"col-sm-3\" style=\"text-align: center;\"><a href=\"https:\/\/b-eco.erasmus.site\/wp-content\/uploads\/2024\/09\/B-ECO_R2_Didactic-Material-Vet-Teachers_PL.pdf\" target=\"_blank\" rel=\"noopener noreferrer\"><br \/>\n<img decoding=\"async\" class=\"size-medium wp-image-117 aligncenter\" style=\"box-shadow: 5px 5px 10px;\" src=\"https:\/\/b-eco.erasmus.site\/wp-content\/uploads\/2024\/04\/B-ECO-R2_Didactic-Material-Vet-Teachers_Final_EN.jpg\" alt=\"\" width=\"212\" height=\"300\" \/><br \/>\nDownload<\/a><\/div>\n<\/div>\n<hr \/>\n<p><strong>PR3 Zbi\u00f3r studi\u00f3w przypadk\u00f3w Greatest hits&#8221;<\/strong>&#8211; Zbi\u00f3r studi\u00f3w przypadk\u00f3w jest publikacj\u0105 pokazuj\u0105c\u0105 co najmniej 30 przyk\u0142ad\u00f3w udanych eko-przedsi\u0119biorstw, kt\u00f3re s\u0142u\u017c\u0105 jako inspiracja i motywacja dla edukacji przedsi\u0119biorczej. Partnerzy zebrali przypadki, staraj\u0105c si\u0119 znale\u017a\u0107 przyk\u0142ady, kt\u00f3re s\u0105 potencjalnie interesuj\u0105ce i pochodz\u0105 nie tylko z kraj\u00f3w partnerskich, ale z ca\u0142ej Europy.<\/p>\n<div class=\"row\">\n<div class=\"col-sm-3\" style=\"text-align: center;\"><a href=\"https:\/\/b-eco.erasmus.site\/wp-content\/uploads\/2024\/04\/B-ECO-Case-studies_PL.pdf\" target=\"_blank\" rel=\"noopener noreferrer\"><br \/>\n<img loading=\"lazy\" decoding=\"async\" class=\"size-medium wp-image-117 aligncenter\" style=\"box-shadow: 5px 5px 10px;\" src=\"https:\/\/b-eco.erasmus.site\/wp-content\/uploads\/2024\/04\/B-ECO-Case-studies_PL.jpg\" alt=\"\" width=\"212\" height=\"300\" \/><br \/>\nDownload<\/a><\/div>\n<\/div>\n<hr \/>\n<p><strong>PR4 Social Eco E-Learning Platform<\/strong> &#8211; modu\u0142y szkoleniowe online dla kurs\u00f3w z niekt\u00f3rymi narz\u0119dziami do tworzenia kurs\u00f3w, co umo\u017cliwia rozw\u00f3j wysoce interaktywnych i innowacyjnych kurs\u00f3w. Platforma ta zawiera r\u00f3wnie\u017c modu\u0142y spo\u0142eczne poprzez forum, kt\u00f3re pozwala na wzmocnienie transnarodowej wsp\u00f3\u0142pracy pomi\u0119dzy eko-przedsi\u0119biorcami i start-upami. Social Eco e-Learning Platform jest innowacyjn\u0105 platform\u0105 internetow\u0105, kt\u00f3ra zapewnia wolny dost\u0119p dla ka\u017cdego. Spo\u0142eczny charakter platformy z integracj\u0105 forum zapewnia pe\u0142n\u0105 mo\u017cliwo\u015b\u0107 nauki dla docelowej grupy odbiorc\u00f3w, z mo\u017cliwo\u015bci\u0105 \u0142\u0105czenia firm i przedsi\u0119biorc\u00f3w.<\/p>\n<p style=\"text-align: center;\"><a href=\"https:\/\/b-eco.erasmus.site\/platform\/\" target=\"_blank\" rel=\"noopener\">Open<\/a><\/p>\n<p><\/p>","protected":false},"excerpt":{"rendered":"<p>PR1 Kurs szkoleniowy dla eko-przedsi\u0119biorc\u00f3w &#8211; program szkoleniowy, kt\u00f3ry zwi\u0119ksza \u015bwiadomo\u015b\u0107, do\u015bwiadczenie i umiej\u0119tno\u015bci wymagane dla nisko wykwalifikowanych m\u0142odych ludzi,&hellip;&nbsp;<\/p>\n","protected":false},"author":1,"featured_media":0,"parent":0,"menu_order":0,"comment_status":"closed","ping_status":"closed","template":"","meta":{"neve_meta_sidebar":"","neve_meta_container":"","neve_meta_enable_content_width":"off","neve_meta_content_width":100,"neve_meta_title_alignment":"","neve_meta_author_avatar":"","neve_post_elements_order":"","neve_meta_disable_header":"","neve_meta_disable_footer":"","neve_meta_disable_title":"","footnotes":""},"class_list":["post-97","page","type-page","status-publish","hentry"],"_links":{"self":[{"href":"https:\/\/b-eco.erasmus.site\/pl\/wp-json\/wp\/v2\/pages\/97","targetHints":{"allow":["GET"]}}],"collection":[{"href":"https:\/\/b-eco.erasmus.site\/pl\/wp-json\/wp\/v2\/pages"}],"about":[{"href":"https:\/\/b-eco.erasmus.site\/pl\/wp-json\/wp\/v2\/types\/page"}],"author":[{"embeddable":true,"href":"https:\/\/b-eco.erasmus.site\/pl\/wp-json\/wp\/v2\/users\/1"}],"replies":[{"embeddable":true,"href":"https:\/\/b-eco.erasmus.site\/pl\/wp-json\/wp\/v2\/comments?post=97"}],"version-history":[{"count":32,"href":"https:\/\/b-eco.erasmus.site\/pl\/wp-json\/wp\/v2\/pages\/97\/revisions"}],"predecessor-version":[{"id":1009,"href":"https:\/\/b-eco.erasmus.site\/pl\/wp-json\/wp\/v2\/pages\/97\/revisions\/1009"}],"wp:attachment":[{"href":"https:\/\/b-eco.erasmus.site\/pl\/wp-json\/wp\/v2\/media?parent=97"}],"curies":[{"name":"wp","href":"https:\/\/api.w.org\/{rel}","templated":true}]}}