{"id":14,"date":"2022-06-21T13:25:04","date_gmt":"2022-06-21T13:25:04","guid":{"rendered":"https:\/\/b-eco.erasmus.site\/?page_id=14"},"modified":"2024-06-12T16:24:10","modified_gmt":"2024-06-12T14:24:10","slug":"home","status":"publish","type":"page","link":"https:\/\/b-eco.erasmus.site\/pl\/","title":{"rendered":"Home"},"content":{"rendered":"\t\t<div data-elementor-type=\"wp-page\" data-elementor-id=\"14\" class=\"elementor elementor-14\">\n\t\t\t\t\t\t<section class=\"elementor-section elementor-top-section elementor-element elementor-element-95a71d4 elementor-section-height-min-height elementor-section-boxed elementor-section-height-default elementor-section-items-middle\" data-id=\"95a71d4\" data-element_type=\"section\" data-e-type=\"section\" data-settings=\"{&quot;background_background&quot;:&quot;classic&quot;}\">\n\t\t\t\t\t\t\t<div class=\"elementor-background-overlay\"><\/div>\n\t\t\t\t\t\t\t<div class=\"elementor-container elementor-column-gap-default\">\n\t\t\t\t\t<div class=\"elementor-column elementor-col-50 elementor-top-column elementor-element elementor-element-5642dc6\" data-id=\"5642dc6\" data-element_type=\"column\" data-e-type=\"column\">\n\t\t\t<div class=\"elementor-widget-wrap elementor-element-populated\">\n\t\t\t\t\t\t<div class=\"elementor-element elementor-element-bb5278a elementor-widget elementor-widget-heading\" data-id=\"bb5278a\" data-element_type=\"widget\" data-e-type=\"widget\" data-widget_type=\"heading.default\">\n\t\t\t\t<div class=\"elementor-widget-container\">\n\t\t\t\t\t<h2 class=\"elementor-heading-title elementor-size-xxl\">B-ECO<\/h2>\t\t\t\t<\/div>\n\t\t\t\t<\/div>\n\t\t\t\t<div class=\"elementor-element elementor-element-9404616 elementor-widget elementor-widget-heading\" data-id=\"9404616\" data-element_type=\"widget\" data-e-type=\"widget\" data-widget_type=\"heading.default\">\n\t\t\t\t<div class=\"elementor-widget-container\">\n\t\t\t\t\t<h2 class=\"elementor-heading-title elementor-size-default\">Start-up Eco Entrepreneurs project<\/h2>\t\t\t\t<\/div>\n\t\t\t\t<\/div>\n\t\t\t\t\t<\/div>\n\t\t<\/div>\n\t\t\t\t<div class=\"elementor-column elementor-col-50 elementor-top-column elementor-element elementor-element-db1cc68\" data-id=\"db1cc68\" data-element_type=\"column\" data-e-type=\"column\">\n\t\t\t<div class=\"elementor-widget-wrap elementor-element-populated\">\n\t\t\t\t\t\t<div class=\"elementor-element elementor-element-4c0cf7c elementor-widget elementor-widget-image\" data-id=\"4c0cf7c\" data-element_type=\"widget\" data-e-type=\"widget\" data-widget_type=\"image.default\">\n\t\t\t\t<div class=\"elementor-widget-container\">\n\t\t\t\t\t\t\t\t\t\t\t\t\t\t\t<img decoding=\"async\" width=\"350\" height=\"73\" src=\"https:\/\/b-eco.erasmus.site\/wp-content\/uploads\/2022\/07\/EN-Co-Funded-by-the-EU_POS-e1653898628680.png\" class=\"attachment-large size-large wp-image-135\" alt=\"\" srcset=\"https:\/\/b-eco.erasmus.site\/wp-content\/uploads\/2022\/07\/EN-Co-Funded-by-the-EU_POS-e1653898628680.png 350w, https:\/\/b-eco.erasmus.site\/wp-content\/uploads\/2022\/07\/EN-Co-Funded-by-the-EU_POS-e1653898628680-300x63.png 300w\" sizes=\"(max-width: 350px) 100vw, 350px\" \/>\t\t\t\t\t\t\t\t\t\t\t\t\t\t\t<\/div>\n\t\t\t\t<\/div>\n\t\t\t\t<div class=\"elementor-element elementor-element-43217c5 elementor-widget elementor-widget-text-editor\" data-id=\"43217c5\" data-element_type=\"widget\" data-e-type=\"widget\" data-widget_type=\"text-editor.default\">\n\t\t\t\t<div class=\"elementor-widget-container\">\n\t\t\t\t\t\t\t\t\t<p>Project number: 2021-1-SI01-KA220-VET-000033038<br \/>Project Duration: 28.02.2022 \u2013 27.06.2024<\/p>\t\t\t\t\t\t\t\t<\/div>\n\t\t\t\t<\/div>\n\t\t\t\t\t<\/div>\n\t\t<\/div>\n\t\t\t\t\t<\/div>\n\t\t<\/section>\n\t\t\t\t<section class=\"elementor-section elementor-top-section elementor-element elementor-element-59830f3 elementor-section-height-min-height elementor-section-boxed elementor-section-height-default elementor-section-items-middle\" data-id=\"59830f3\" data-element_type=\"section\" data-e-type=\"section\">\n\t\t\t\t\t\t<div class=\"elementor-container elementor-column-gap-default\">\n\t\t\t\t\t<div class=\"elementor-column elementor-col-50 elementor-top-column elementor-element elementor-element-3a123f8\" data-id=\"3a123f8\" data-element_type=\"column\" data-e-type=\"column\">\n\t\t\t<div class=\"elementor-widget-wrap elementor-element-populated\">\n\t\t\t\t\t\t<div class=\"elementor-element elementor-element-b545360 elementor-widget elementor-widget-menu-anchor\" data-id=\"b545360\" data-element_type=\"widget\" data-e-type=\"widget\" data-widget_type=\"menu-anchor.default\">\n\t\t\t\t<div class=\"elementor-widget-container\">\n\t\t\t\t\t\t\t<div class=\"elementor-menu-anchor\" id=\"about\"><\/div>\n\t\t\t\t\t\t<\/div>\n\t\t\t\t<\/div>\n\t\t\t\t<div class=\"elementor-element elementor-element-f7c3d7d elementor-widget elementor-widget-heading\" data-id=\"f7c3d7d\" data-element_type=\"widget\" data-e-type=\"widget\" data-widget_type=\"heading.default\">\n\t\t\t\t<div class=\"elementor-widget-container\">\n\t\t\t\t\t<h2 class=\"elementor-heading-title elementor-size-default\">O projekcie<\/h2>\t\t\t\t<\/div>\n\t\t\t\t<\/div>\n\t\t\t\t<div class=\"elementor-element elementor-element-e1a810e elementor-widget-divider--view-line elementor-widget elementor-widget-divider\" data-id=\"e1a810e\" data-element_type=\"widget\" data-e-type=\"widget\" data-widget_type=\"divider.default\">\n\t\t\t\t<div class=\"elementor-widget-container\">\n\t\t\t\t\t\t\t<div class=\"elementor-divider\">\n\t\t\t<span class=\"elementor-divider-separator\">\n\t\t\t\t\t\t<\/span>\n\t\t<\/div>\n\t\t\t\t\t\t<\/div>\n\t\t\t\t<\/div>\n\t\t\t\t<div class=\"elementor-element elementor-element-404a595 elementor-widget elementor-widget-text-editor\" data-id=\"404a595\" data-element_type=\"widget\" data-e-type=\"widget\" data-widget_type=\"text-editor.default\">\n\t\t\t\t<div class=\"elementor-widget-container\">\n\t\t\t\t\t\t\t\t\t<p>Przedsi\u0119biorcy s\u0105 wa\u017cnym filarem gospodarki UE i konieczne jest zapewnienie im umiej\u0119tno\u015bci i wiedzy, kt\u00f3rych potrzebuj\u0105, aby odnie\u015b\u0107 sukces. B-ECO przeszkoli\u0142oby ich w zakresie nie tylko wa\u017cnych kompetencji i umiej\u0119tno\u015bci (w oparciu o EntreComp) oraz narz\u0119dzi, ale tak\u017ce w zakresie zdolno\u015bci do bycia innowacyjnym i wyr\u00f3\u017cniania si\u0119 na rynku, zamiast toni\u0119cia na nim. Wed\u0142ug Komisji Europejskiej: &#8222;Wspieraj\u0105c nowe procesy, technologie i us\u0142ugi, kt\u00f3re czyni\u0105 biznes bardziej ekologicznym, ekoinnowacje pomagaj\u0105 Europie zoptymalizowa\u0107 jej potencja\u0142 wzrostu, jednocze\u015bnie odpowiadaj\u0105c na nasze wsp\u00f3lne wyzwania.&#8221; Poprzez przewodnik ekspert\u00f3w w tej dziedzinie, nasi partnerzy wnios\u0105 swoje szerokie do\u015bwiadczenie znajduj\u0105c najlepsze praktyki, studia przypadk\u00f3w, wyci\u0105gni\u0119te wnioski i przysz\u0142e mo\u017cliwo\u015bci. W trakcie projektu b\u0119dziemy dostarcza\u0107 szkolenia i praktyczn\u0105 edukacj\u0119 mened\u017cersk\u0105 w\u015br\u00f3d dostawc\u00f3w szkole\u0144 z kraj\u00f3w partnerskich poprzez innowacyjne szkolenie skoncentrowane na eko-przedsi\u0119biorczo\u015bci, innowacjach i zarz\u0105dzaniu w eko-biznesie oraz now\u0105 i innowacyjn\u0105 platform\u0119 e-learningow\u0105 zorientowan\u0105 na stworzenie unikalnej przestrzeni wsp\u00f3lnej wiedzy i do\u015bwiadcze\u0144 pomi\u0119dzy u\u017cytkownikami kursu. Ten innowacyjny kurs szkoleniowy b\u0119dzie funkcjonowa\u0142 na dwa sposoby, b\u0119dzie prowadzony przez trener\u00f3w i niezale\u017cnie jako kurs online, aby pom\u00f3c nam dotrze\u0107 do jak najwi\u0119kszej liczby u\u017cytkownik\u00f3w. Nasze partnerstwo strategiczne b\u0119dzie koncentrowa\u0107 si\u0119 na promowaniu dost\u0119pu i nauki poprzez Otwarte Zasoby Edukacyjne (OER), wspieranie ICT w dziedzinie VET w celu poprawy i rozszerzenia oferty wysokiej jako\u015bci mo\u017cliwo\u015bci kszta\u0142cenia dostosowanych do indywidualnych trener\u00f3w poprzez w\u0142\u0105czenie innowacyjnych sposob\u00f3w dostarczania.<\/p>\t\t\t\t\t\t\t\t<\/div>\n\t\t\t\t<\/div>\n\t\t\t\t\t<\/div>\n\t\t<\/div>\n\t\t\t\t<div class=\"elementor-column elementor-col-50 elementor-top-column elementor-element elementor-element-c017bdf\" data-id=\"c017bdf\" data-element_type=\"column\" data-e-type=\"column\">\n\t\t\t<div class=\"elementor-widget-wrap elementor-element-populated\">\n\t\t\t\t\t\t<div class=\"elementor-element elementor-element-b24cc86 elementor-widget elementor-widget-image\" data-id=\"b24cc86\" data-element_type=\"widget\" data-e-type=\"widget\" data-widget_type=\"image.default\">\n\t\t\t\t<div class=\"elementor-widget-container\">\n\t\t\t\t\t\t\t\t\t\t\t\t\t\t\t<img fetchpriority=\"high\" decoding=\"async\" width=\"1024\" height=\"681\" src=\"https:\/\/b-eco.erasmus.site\/wp-content\/uploads\/2022\/08\/AdobeStock_443646665-1024x681.jpeg\" class=\"attachment-large size-large wp-image-157\" alt=\"\" srcset=\"https:\/\/b-eco.erasmus.site\/wp-content\/uploads\/2022\/08\/AdobeStock_443646665-1024x681.jpeg 1024w, https:\/\/b-eco.erasmus.site\/wp-content\/uploads\/2022\/08\/AdobeStock_443646665-300x200.jpeg 300w, https:\/\/b-eco.erasmus.site\/wp-content\/uploads\/2022\/08\/AdobeStock_443646665-768x511.jpeg 768w, https:\/\/b-eco.erasmus.site\/wp-content\/uploads\/2022\/08\/AdobeStock_443646665-1536x1022.jpeg 1536w, https:\/\/b-eco.erasmus.site\/wp-content\/uploads\/2022\/08\/AdobeStock_443646665-2048x1363.jpeg 2048w\" sizes=\"(max-width: 1024px) 100vw, 1024px\" \/>\t\t\t\t\t\t\t\t\t\t\t\t\t\t\t<\/div>\n\t\t\t\t<\/div>\n\t\t\t\t\t<\/div>\n\t\t<\/div>\n\t\t\t\t\t<\/div>\n\t\t<\/section>\n\t\t\t\t<section class=\"elementor-section elementor-top-section elementor-element elementor-element-045833f elementor-section-boxed elementor-section-height-default elementor-section-height-default\" data-id=\"045833f\" data-element_type=\"section\" data-e-type=\"section\">\n\t\t\t\t\t\t<div class=\"elementor-container elementor-column-gap-default\">\n\t\t\t\t\t<div class=\"elementor-column elementor-col-100 elementor-top-column elementor-element elementor-element-d218a7b\" data-id=\"d218a7b\" data-element_type=\"column\" data-e-type=\"column\">\n\t\t\t<div class=\"elementor-widget-wrap elementor-element-populated\">\n\t\t\t\t\t\t<div class=\"elementor-element elementor-element-d4945aa elementor-widget elementor-widget-heading\" data-id=\"d4945aa\" data-element_type=\"widget\" data-e-type=\"widget\" data-widget_type=\"heading.default\">\n\t\t\t\t<div class=\"elementor-widget-container\">\n\t\t\t\t\t<h2 class=\"elementor-heading-title elementor-size-default\">Partnerstwo<\/h2>\t\t\t\t<\/div>\n\t\t\t\t<\/div>\n\t\t\t\t\t<\/div>\n\t\t<\/div>\n\t\t\t\t\t<\/div>\n\t\t<\/section>\n\t\t\t\t<section class=\"elementor-section elementor-top-section elementor-element elementor-element-49107e9 elementor-section-boxed elementor-section-height-default elementor-section-height-default\" data-id=\"49107e9\" data-element_type=\"section\" data-e-type=\"section\">\n\t\t\t\t\t\t<div class=\"elementor-container elementor-column-gap-default\">\n\t\t\t\t\t<div class=\"elementor-column elementor-col-100 elementor-top-column elementor-element elementor-element-0368e2b\" data-id=\"0368e2b\" data-element_type=\"column\" data-e-type=\"column\">\n\t\t\t<div class=\"elementor-widget-wrap elementor-element-populated\">\n\t\t\t\t\t\t<div class=\"elementor-element elementor-element-36fae71 elementor-widget-divider--view-line elementor-widget elementor-widget-divider\" data-id=\"36fae71\" data-element_type=\"widget\" data-e-type=\"widget\" data-widget_type=\"divider.default\">\n\t\t\t\t<div class=\"elementor-widget-container\">\n\t\t\t\t\t\t\t<div class=\"elementor-divider\">\n\t\t\t<span class=\"elementor-divider-separator\">\n\t\t\t\t\t\t<\/span>\n\t\t<\/div>\n\t\t\t\t\t\t<\/div>\n\t\t\t\t<\/div>\n\t\t\t\t\t<\/div>\n\t\t<\/div>\n\t\t\t\t\t<\/div>\n\t\t<\/section>\n\t\t\t\t<section class=\"elementor-section elementor-top-section elementor-element elementor-element-958ee2a elementor-section-boxed elementor-section-height-default elementor-section-height-default\" data-id=\"958ee2a\" data-element_type=\"section\" data-e-type=\"section\">\n\t\t\t\t\t\t<div class=\"elementor-container elementor-column-gap-default\">\n\t\t\t\t\t<div class=\"elementor-column elementor-col-33 elementor-top-column elementor-element elementor-element-6e71482\" data-id=\"6e71482\" data-element_type=\"column\" data-e-type=\"column\">\n\t\t\t<div class=\"elementor-widget-wrap elementor-element-populated\">\n\t\t\t\t\t\t<div class=\"elementor-element elementor-element-76ed9bf elementor-widget elementor-widget-image\" data-id=\"76ed9bf\" data-element_type=\"widget\" data-e-type=\"widget\" data-widget_type=\"image.default\">\n\t\t\t\t<div class=\"elementor-widget-container\">\n\t\t\t\t\t\t\t\t\t\t\t\t\t\t\t<img decoding=\"async\" width=\"300\" height=\"300\" src=\"https:\/\/b-eco.erasmus.site\/wp-content\/uploads\/2022\/06\/univ.png\" class=\"attachment-large size-large wp-image-129\" alt=\"\" srcset=\"https:\/\/b-eco.erasmus.site\/wp-content\/uploads\/2022\/06\/univ.png 300w, https:\/\/b-eco.erasmus.site\/wp-content\/uploads\/2022\/06\/univ-150x150.png 150w\" sizes=\"(max-width: 300px) 100vw, 300px\" \/>\t\t\t\t\t\t\t\t\t\t\t\t\t\t\t<\/div>\n\t\t\t\t<\/div>\n\t\t\t\t\t<\/div>\n\t\t<\/div>\n\t\t\t\t<div class=\"elementor-column elementor-col-33 elementor-top-column elementor-element elementor-element-aa343e9\" data-id=\"aa343e9\" data-element_type=\"column\" data-e-type=\"column\">\n\t\t\t<div class=\"elementor-widget-wrap elementor-element-populated\">\n\t\t\t\t\t\t<div class=\"elementor-element elementor-element-17c46e4 elementor-widget elementor-widget-image\" data-id=\"17c46e4\" data-element_type=\"widget\" data-e-type=\"widget\" data-widget_type=\"image.default\">\n\t\t\t\t<div class=\"elementor-widget-container\">\n\t\t\t\t\t\t\t\t\t\t\t\t\t\t\t<img loading=\"lazy\" decoding=\"async\" width=\"300\" height=\"300\" src=\"https:\/\/b-eco.erasmus.site\/wp-content\/uploads\/2022\/06\/lovila.png\" class=\"attachment-large size-large wp-image-71\" alt=\"\" srcset=\"https:\/\/b-eco.erasmus.site\/wp-content\/uploads\/2022\/06\/lovila.png 300w, https:\/\/b-eco.erasmus.site\/wp-content\/uploads\/2022\/06\/lovila-150x150.png 150w\" sizes=\"(max-width: 300px) 100vw, 300px\" \/>\t\t\t\t\t\t\t\t\t\t\t\t\t\t\t<\/div>\n\t\t\t\t<\/div>\n\t\t\t\t\t<\/div>\n\t\t<\/div>\n\t\t\t\t<div class=\"elementor-column elementor-col-33 elementor-top-column elementor-element elementor-element-d6e773f\" data-id=\"d6e773f\" data-element_type=\"column\" data-e-type=\"column\">\n\t\t\t<div class=\"elementor-widget-wrap elementor-element-populated\">\n\t\t\t\t\t\t<div class=\"elementor-element elementor-element-4378b65 elementor-widget elementor-widget-image\" data-id=\"4378b65\" data-element_type=\"widget\" data-e-type=\"widget\" data-widget_type=\"image.default\">\n\t\t\t\t<div class=\"elementor-widget-container\">\n\t\t\t\t\t\t\t\t\t\t\t\t\t\t\t<img loading=\"lazy\" decoding=\"async\" width=\"300\" height=\"300\" src=\"https:\/\/b-eco.erasmus.site\/wp-content\/uploads\/2022\/06\/cwep.png\" class=\"attachment-large size-large wp-image-81\" alt=\"\" srcset=\"https:\/\/b-eco.erasmus.site\/wp-content\/uploads\/2022\/06\/cwep.png 300w, https:\/\/b-eco.erasmus.site\/wp-content\/uploads\/2022\/06\/cwep-150x150.png 150w\" sizes=\"(max-width: 300px) 100vw, 300px\" \/>\t\t\t\t\t\t\t\t\t\t\t\t\t\t\t<\/div>\n\t\t\t\t<\/div>\n\t\t\t\t\t<\/div>\n\t\t<\/div>\n\t\t\t\t\t<\/div>\n\t\t<\/section>\n\t\t\t\t<section class=\"elementor-section elementor-top-section elementor-element elementor-element-ebddfdb elementor-section-boxed elementor-section-height-default elementor-section-height-default\" data-id=\"ebddfdb\" data-element_type=\"section\" data-e-type=\"section\">\n\t\t\t\t\t\t<div class=\"elementor-container elementor-column-gap-default\">\n\t\t\t\t\t<div class=\"elementor-column elementor-col-33 elementor-top-column elementor-element elementor-element-7fa9238\" data-id=\"7fa9238\" data-element_type=\"column\" data-e-type=\"column\">\n\t\t\t<div class=\"elementor-widget-wrap elementor-element-populated\">\n\t\t\t\t\t\t<div class=\"elementor-element elementor-element-c892b66 elementor-widget elementor-widget-image\" data-id=\"c892b66\" data-element_type=\"widget\" data-e-type=\"widget\" data-widget_type=\"image.default\">\n\t\t\t\t<div class=\"elementor-widget-container\">\n\t\t\t\t\t\t\t\t\t\t\t\t\t\t\t<img loading=\"lazy\" decoding=\"async\" width=\"300\" height=\"300\" src=\"https:\/\/b-eco.erasmus.site\/wp-content\/uploads\/2022\/06\/epralima.png\" class=\"attachment-large size-large wp-image-104\" alt=\"\" srcset=\"https:\/\/b-eco.erasmus.site\/wp-content\/uploads\/2022\/06\/epralima.png 300w, https:\/\/b-eco.erasmus.site\/wp-content\/uploads\/2022\/06\/epralima-150x150.png 150w\" sizes=\"(max-width: 300px) 100vw, 300px\" \/>\t\t\t\t\t\t\t\t\t\t\t\t\t\t\t<\/div>\n\t\t\t\t<\/div>\n\t\t\t\t\t<\/div>\n\t\t<\/div>\n\t\t\t\t<div class=\"elementor-column elementor-col-33 elementor-top-column elementor-element elementor-element-b0f40d8\" data-id=\"b0f40d8\" data-element_type=\"column\" data-e-type=\"column\">\n\t\t\t<div class=\"elementor-widget-wrap elementor-element-populated\">\n\t\t\t\t\t\t<div class=\"elementor-element elementor-element-365bdea elementor-widget elementor-widget-image\" data-id=\"365bdea\" data-element_type=\"widget\" data-e-type=\"widget\" data-widget_type=\"image.default\">\n\t\t\t\t<div class=\"elementor-widget-container\">\n\t\t\t\t\t\t\t\t\t\t\t\t\t\t\t<img loading=\"lazy\" decoding=\"async\" width=\"300\" height=\"300\" src=\"https:\/\/b-eco.erasmus.site\/wp-content\/uploads\/2022\/06\/eurotraining.png\" class=\"attachment-large size-large wp-image-90\" alt=\"\" srcset=\"https:\/\/b-eco.erasmus.site\/wp-content\/uploads\/2022\/06\/eurotraining.png 300w, https:\/\/b-eco.erasmus.site\/wp-content\/uploads\/2022\/06\/eurotraining-150x150.png 150w\" sizes=\"(max-width: 300px) 100vw, 300px\" \/>\t\t\t\t\t\t\t\t\t\t\t\t\t\t\t<\/div>\n\t\t\t\t<\/div>\n\t\t\t\t\t<\/div>\n\t\t<\/div>\n\t\t\t\t<div class=\"elementor-column elementor-col-33 elementor-top-column elementor-element elementor-element-6c59808\" data-id=\"6c59808\" data-element_type=\"column\" data-e-type=\"column\">\n\t\t\t<div class=\"elementor-widget-wrap elementor-element-populated\">\n\t\t\t\t\t\t<div class=\"elementor-element elementor-element-98d90be elementor-widget elementor-widget-image\" data-id=\"98d90be\" data-element_type=\"widget\" data-e-type=\"widget\" data-widget_type=\"image.default\">\n\t\t\t\t<div class=\"elementor-widget-container\">\n\t\t\t\t\t\t\t\t\t\t\t\t\t\t\t<img loading=\"lazy\" decoding=\"async\" width=\"300\" height=\"300\" src=\"https:\/\/b-eco.erasmus.site\/wp-content\/uploads\/2022\/06\/euphoria.png\" class=\"attachment-large size-large wp-image-85\" alt=\"\" srcset=\"https:\/\/b-eco.erasmus.site\/wp-content\/uploads\/2022\/06\/euphoria.png 300w, https:\/\/b-eco.erasmus.site\/wp-content\/uploads\/2022\/06\/euphoria-150x150.png 150w\" sizes=\"(max-width: 300px) 100vw, 300px\" \/>\t\t\t\t\t\t\t\t\t\t\t\t\t\t\t<\/div>\n\t\t\t\t<\/div>\n\t\t\t\t\t<\/div>\n\t\t<\/div>\n\t\t\t\t\t<\/div>\n\t\t<\/section>\n\t\t\t\t<section class=\"elementor-section elementor-top-section elementor-element elementor-element-04db9b2 elementor-section-boxed elementor-section-height-default elementor-section-height-default\" data-id=\"04db9b2\" data-element_type=\"section\" data-e-type=\"section\">\n\t\t\t\t\t\t<div class=\"elementor-container elementor-column-gap-default\">\n\t\t\t\t\t<div class=\"elementor-column elementor-col-33 elementor-top-column elementor-element elementor-element-8ee5906\" data-id=\"8ee5906\" data-element_type=\"column\" data-e-type=\"column\">\n\t\t\t<div class=\"elementor-widget-wrap\">\n\t\t\t\t\t\t\t<\/div>\n\t\t<\/div>\n\t\t\t\t<div class=\"elementor-column elementor-col-33 elementor-top-column elementor-element elementor-element-f6cd722\" data-id=\"f6cd722\" data-element_type=\"column\" data-e-type=\"column\">\n\t\t\t<div class=\"elementor-widget-wrap\">\n\t\t\t\t\t\t\t<\/div>\n\t\t<\/div>\n\t\t\t\t<div class=\"elementor-column elementor-col-33 elementor-top-column elementor-element elementor-element-2582d70\" data-id=\"2582d70\" data-element_type=\"column\" data-e-type=\"column\">\n\t\t\t<div class=\"elementor-widget-wrap\">\n\t\t\t\t\t\t\t<\/div>\n\t\t<\/div>\n\t\t\t\t\t<\/div>\n\t\t<\/section>\n\t\t\t\t<\/div>\n\t\t","protected":false},"excerpt":{"rendered":"<p>B-ECO Start-up Eco Entrepreneurs project Project number: 2021-1-SI01-KA220-VET-000033038Project Duration: 28.02.2022 \u2013 27.06.2024 O projekcie Przedsi\u0119biorcy s\u0105 wa\u017cnym filarem gospodarki UE&hellip;&nbsp;<\/p>\n","protected":false},"author":1,"featured_media":0,"parent":0,"menu_order":0,"comment_status":"closed","ping_status":"closed","template":"page-templates\/template-pagebuilder-full-width.php","meta":{"neve_meta_sidebar":"","neve_meta_container":"","neve_meta_enable_content_width":"off","neve_meta_content_width":100,"neve_meta_title_alignment":"","neve_meta_author_avatar":"","neve_post_elements_order":"","neve_meta_disable_header":"","neve_meta_disable_footer":"","neve_meta_disable_title":"","footnotes":""},"class_list":["post-14","page","type-page","status-publish","hentry"],"_links":{"self":[{"href":"https:\/\/b-eco.erasmus.site\/pl\/wp-json\/wp\/v2\/pages\/14","targetHints":{"allow":["GET"]}}],"collection":[{"href":"https:\/\/b-eco.erasmus.site\/pl\/wp-json\/wp\/v2\/pages"}],"about":[{"href":"https:\/\/b-eco.erasmus.site\/pl\/wp-json\/wp\/v2\/types\/page"}],"author":[{"embeddable":true,"href":"https:\/\/b-eco.erasmus.site\/pl\/wp-json\/wp\/v2\/users\/1"}],"replies":[{"embeddable":true,"href":"https:\/\/b-eco.erasmus.site\/pl\/wp-json\/wp\/v2\/comments?post=14"}],"version-history":[{"count":97,"href":"https:\/\/b-eco.erasmus.site\/pl\/wp-json\/wp\/v2\/pages\/14\/revisions"}],"predecessor-version":[{"id":966,"href":"https:\/\/b-eco.erasmus.site\/pl\/wp-json\/wp\/v2\/pages\/14\/revisions\/966"}],"wp:attachment":[{"href":"https:\/\/b-eco.erasmus.site\/pl\/wp-json\/wp\/v2\/media?parent=14"}],"curies":[{"name":"wp","href":"https:\/\/api.w.org\/{rel}","templated":true}]}}