{"id":110,"date":"2022-06-21T14:55:17","date_gmt":"2022-06-21T14:55:17","guid":{"rendered":"https:\/\/b-eco.erasmus.site\/?page_id=110"},"modified":"2023-07-17T19:11:44","modified_gmt":"2023-07-17T19:11:44","slug":"partnership","status":"publish","type":"page","link":"https:\/\/b-eco.erasmus.site\/pl\/partnership\/","title":{"rendered":"Partnerstwo"},"content":{"rendered":"<p><\/p>\n<h2 style=\"text-align: center;\"><img fetchpriority=\"high\" decoding=\"async\" class=\"wp-image-129 size-medium aligncenter\" src=\"https:\/\/b-eco.erasmus.site\/wp-content\/uploads\/2022\/06\/univ-300x300.png\" alt=\"\" width=\"300\" height=\"300\" srcset=\"https:\/\/b-eco.erasmus.site\/wp-content\/uploads\/2022\/06\/univ.png 300w, https:\/\/b-eco.erasmus.site\/wp-content\/uploads\/2022\/06\/univ-150x150.png 150w\" sizes=\"(max-width: 300px) 100vw, 300px\" \/>UNIWERSYTET V MARIBORU (UM) &#8211; koordynator projektu<\/h2>\n<p>Uniwersytet w Mariborze (Univerza v Mariboru) jest drugim co do wielko\u015bci i drugim najstarszym uniwersytetem w S\u0142owenii. Jest to autonomiczna naukowa, badawcza i edukacyjna instytucja publiczna, zatrudniaj\u0105ca 1.960 pracownik\u00f3w i oko\u0142o 14.000 student\u00f3w, kt\u00f3rzy studiuj\u0105 na 17 wydzia\u0142ach. Uniwersytet w Mariborze jest zorientowany na przyci\u0105ganie najlepszych student\u00f3w i tworzenie \u015brodowiska rozwoju, w kt\u00f3rym doskona\u0142o\u015b\u0107 jest w domu pod ka\u017cdym wzgl\u0119dem. Staje si\u0119 centraln\u0105 instytucj\u0105 rozwojow\u0105, kt\u00f3ra tworzy powi\u0105zania z gospodark\u0105 i wraz z partnerami tworzy centrum zr\u00f3wnowa\u017conego rozwoju dla szerszego regionu. W szybkim tempie rozwija nowe obszary dzia\u0142alno\u015bci, testuje nowe metody bada\u0144, poszukuje nowych sposob\u00f3w integracji z otoczeniem.<\/p>\n<p>UM rozwija dyscypliny naukowe, kt\u00f3re obejmuj\u0105 in\u017cynieri\u0119, biotechnologi\u0119, nauki humanistyczne, medycyn\u0119, nauki spo\u0142eczne i nauki przyrodnicze. UM jest regionalnym deweloperem z wizj\u0105 bycia globalnie uznanym ekosystemem innowacji, w kt\u00f3rym studenci, wydzia\u0142y i pracownicy administracyjni b\u0119d\u0105 entuzjastycznie anga\u017cowa\u0107 si\u0119 w tw\u00f3rcz\u0105 dzia\u0142alno\u015b\u0107. UM ma na celu promowanie partnerstwa z przedsi\u0119biorstwami, instytucjami rz\u0105dowymi i pozarz\u0105dowymi oraz innymi instytucjami w spo\u0142ecze\u0144stwie, aby wzbogaci\u0107 nauczanie uniwersyteckie, badania i dzia\u0142alno\u015b\u0107 tw\u00f3rcz\u0105; przygotowa\u0107 wykszta\u0142conych, zaanga\u017cowanych obywateli; wzmocni\u0107 warto\u015bci demokratyczne i etyczne oraz odpowiedzialno\u015b\u0107 obywatelsk\u0105, zaj\u0105\u0107 si\u0119 krytycznymi kwestiami spo\u0142ecznymi; szanowa\u0107 kwestie ekologiczne i \u015brodowiskowe, promowa\u0107 zr\u00f3wnowa\u017cony rozw\u00f3j; i przyczyni\u0107 si\u0119 do dobra publicznego.<\/p>\n<p>Strona internetowa: <a href=\"https:\/\/www.um.si\/\">https:\/\/www.um.si\/<\/a><\/p>\n<p>Kontakt: <a href=\"mailto:karolina.bucka@um.si\">karolina.bucka@um.si<\/a><\/p>\n<hr \/>\n<h2 style=\"text-align: center;\"><img decoding=\"async\" class=\"wp-image-71 size-medium aligncenter\" src=\"https:\/\/b-eco.erasmus.site\/wp-content\/uploads\/2022\/06\/lovila-300x300.png\" alt=\"\" width=\"300\" height=\"300\" srcset=\"https:\/\/b-eco.erasmus.site\/wp-content\/uploads\/2022\/06\/lovila.png 300w, https:\/\/b-eco.erasmus.site\/wp-content\/uploads\/2022\/06\/lovila-150x150.png 150w\" sizes=\"(max-width: 300px) 100vw, 300px\" \/>Lovila Limited \u2013 Cypr<\/h2>\n<p>Lovila to cypryjska instytucja doradczo-szkoleniowa za\u0142o\u017cona w celu wspierania rozwoju zawodowego i osobistego os\u00f3b, firm i nowo powsta\u0142ych przedsi\u0119biorstw, skoncentrowana na promowaniu uczenia si\u0119 przez ca\u0142e \u017cycie, digitalizacji i innowacji na r\u00f3\u017cnych poziomach i kontekstach edukacji. Lovila oferuje us\u0142ugi dla firm i przedsi\u0119biorc\u00f3w w potrzebie innowacji, szkole\u0144 i transformacji cyfrowej, kt\u00f3ra odgrywa krytyczn\u0105 rol\u0119 w zdolno\u015bci organizacji do ewolucji wraz z rynkiem. Z drugiej strony, Lovila zapewnia wsparcie szkoleniowe na wysokim poziomie dla m\u0142odzie\u017cy i doros\u0142ych potrzebuj\u0105cych integracji zawodowej, rozwoju podstawowych umiej\u0119tno\u015bci i kwalifikacji, umiej\u0119tno\u015bci cyfrowych i przedsi\u0119biorczych, zr\u00f3wnowa\u017conego sposobu my\u015blenia i stylu \u017cycia, integracji i ponownego wej\u015bcia na rynek pracy, motywacji, doradztwa zawodowego i poradnictwa.<\/p>\n<p>Lovila wierzy w du\u017ce znaczenie zr\u00f3wnowa\u017conego rozwoju \u015brodowiska i zdolno\u015bci do ustabilizowania obecnej destrukcyjnej relacji pomi\u0119dzy kultur\u0105 ludzk\u0105 i biznesow\u0105 a \u015bwiatem \u017cywym. W ten spos\u00f3b us\u0142ugi firmy s\u0105 zawsze ukierunkowane na zr\u00f3wnowa\u017cone praktyki pracy i zr\u00f3wnowa\u017con\u0105 przysz\u0142o\u015b\u0107 poprzez edukacj\u0119.<\/p>\n<p>Strona internetowa: <a href=\"http:\/\/www.lovila.eu\" target=\"_blank\" rel=\"noopener\">www.lovila.eu<\/a><\/p>\n<p>Kontakt: <a href=\"mailto:info@lovila.eu\">info@lovila.eu<\/a><\/p>\n<hr \/>\n<h2 style=\"text-align: center;\"><img decoding=\"async\" class=\"wp-image-81 size-medium aligncenter\" src=\"https:\/\/b-eco.erasmus.site\/wp-content\/uploads\/2022\/06\/cwep-300x300.png\" alt=\"\" width=\"300\" height=\"300\" srcset=\"https:\/\/b-eco.erasmus.site\/wp-content\/uploads\/2022\/06\/cwep.png 300w, https:\/\/b-eco.erasmus.site\/wp-content\/uploads\/2022\/06\/cwep-150x150.png 150w\" sizes=\"(max-width: 300px) 100vw, 300px\" \/><strong>Centrum Wspierania Edukacji i Przedsi\u0119biorczo\u015bci (CWEP) \u2013 Polska<br \/>\n<\/strong><\/h2>\n<p>Centrum Wspierania Edukacji i Przedsi\u0119biorczo\u015bci (CWEP) jest organizacj\u0105 pozarz\u0105dow\u0105 za\u0142o\u017con\u0105 w 2004 roku przez grup\u0119 przedsi\u0119biorc\u00f3w, nauczycieli i dzia\u0142aczy spo\u0142ecznych z Rzeszowa. CWEP wsp\u00f3\u0142pracuje z przedsi\u0119biorstwami i instytucjami edukacyjnymi. Misj\u0105 CWEP jest podnoszenie jako\u015bci kszta\u0142cenia na wszystkich poziomach i we wszystkich formach, a tak\u017ce promowanie przedsi\u0119biorczo\u015bci w celu wspierania integracji ka\u017cdej grupy spo\u0142ecznej, niezale\u017cnie od jej p\u0142ci, wieku czy pochodzenia etnicznego. W szczeg\u00f3lno\u015bci celem jest poprawa dost\u0119pno\u015bci, jako\u015bci i efektywno\u015bci edukacji wszystkich ludzi, promowanie i przyczynianie si\u0119 do edukacji doros\u0142ych, uczenia si\u0119 przez ca\u0142e \u017cycie, e-learningu i wykorzystania nowych technologii w edukacji i przedsi\u0119biorczo\u015bci. Stowarzyszenie wsp\u00f3\u0142pracuje z wieloma partnerami z Europy w celu wzmocnienia pozycji gospodarczej przedsi\u0119biorstw oraz udost\u0119pnia platformy on-line dla firm.<\/p>\n<p>Strona internetowa: <a href=\"http:\/\/www.cwep.eu\/\" target=\"_blank\" rel=\"noopener\">www.cwep.eu<\/a><\/p>\n<p>Kontakt: <a href=\"mailto:office@cwep.eu\">office@cwep.eu<\/a><\/p>\n<hr \/>\n<h2 style=\"text-align: center;\"><img loading=\"lazy\" decoding=\"async\" class=\"wp-image-85 size-medium aligncenter\" src=\"https:\/\/b-eco.erasmus.site\/wp-content\/uploads\/2022\/06\/euphoria-300x300.png\" alt=\"\" width=\"300\" height=\"300\" srcset=\"https:\/\/b-eco.erasmus.site\/wp-content\/uploads\/2022\/06\/euphoria.png 300w, https:\/\/b-eco.erasmus.site\/wp-content\/uploads\/2022\/06\/euphoria-150x150.png 150w\" sizes=\"(max-width: 300px) 100vw, 300px\" \/>Euphoria Net &#8211; W\u0142ochy<\/h2>\n<p>Euphoria Net Srl to w\u0142oska sp\u00f3\u0142ka utworzona w marcu 2019 roku (spin off dawnego Stowarzyszenia Euphoria za\u0142o\u017conego w 2014 roku), kt\u00f3rej g\u0142\u00f3wnym zakresem jest \u015bwiadczenie us\u0142ug w dziedzinie zarz\u0105dzania projektami, w zakresie wspierania organizacji w prowadzeniu i zarz\u0105dzaniu projektami, a tak\u017ce prowadzenia szkole\u0144 z tego zakresu. Euphoria specjalizuje si\u0119 w obszarze edukacyjnym i pracuje w projektach zwi\u0105zanych z wprowadzaniem innowacji w takich dziedzinach. Trzy g\u0142\u00f3wne obszary dzia\u0142alno\u015bci s\u0105 nast\u0119puj\u0105ce: 1 &#8211; Zarz\u0105dzanie projektami: \u015bledzimy wszystkie aspekty zwi\u0105zane z projektami unijnymi; 2 &#8211; Szkolenia: organizujemy szkolenia specjalnie dla szk\u00f3\u0142 ka\u017cdego stopnia, Uniwersytet\u00f3w i stowarzysze\u0144 na nast\u0119puj\u0105ce tematy: zarz\u0105dzanie projektami, kompetencje cyfrowe, przedsi\u0119biorczo\u015b\u0107, pobudzanie STEM w szkole, obywatelstwo UE, spersonalizowane uczenie si\u0119, umiej\u0119tno\u015bci mi\u0119kkie i innowacyjne metodologie. 3 &#8211; Organizacja wydarze\u0144 i strategii komunikacyjnych: organizujemy strategie rozpowszechniania w ramach projekt\u00f3w, w tym tworzenie marki projektu, komunikacj\u0119, mapowanie interesariuszy, organizacj\u0119 i koordynacj\u0119 wydarze\u0144 w ca\u0142ej Europie.<\/p>\n<p>Strona internetowa: <a href=\"https:\/\/euphorianet.it\/\" target=\"_blank\" rel=\"noopener\">www.euphorianet.it<\/a><\/p>\n<p>Kontakt: <a href=\"mailto:a.bevilacqua@euphorianet.it\">a.bevilacqua@euphorianet.it<\/a><\/p>\n<hr \/>\n<h2 style=\"text-align: center;\"><img loading=\"lazy\" decoding=\"async\" class=\"aligncenter wp-image-104 size-medium\" src=\"https:\/\/b-eco.erasmus.site\/wp-content\/uploads\/2022\/06\/epralima-300x300.png\" alt=\"\" width=\"300\" height=\"300\" srcset=\"https:\/\/b-eco.erasmus.site\/wp-content\/uploads\/2022\/06\/epralima.png 300w, https:\/\/b-eco.erasmus.site\/wp-content\/uploads\/2022\/06\/epralima-150x150.png 150w\" sizes=\"(max-width: 300px) 100vw, 300px\" \/>Epralima Vocational Training School<\/h2>\n<p>Epralima Vocational Training School, znajduje si\u0119 na p\u00f3\u0142nocy Portugalii, w miejscowo\u015bci Arcos de Valdevez. Sk\u0142ada si\u0119 z trzech delegatur: siedziby g\u0142\u00f3wnej w Arcos de Valdevez, delegatury w Ponte da Barca i delegatury w Ponte de Lima. Posiada r\u00f3wnie\u017c Centrum Techniczne i Centrum Kwalifikacji, kt\u00f3re rozpoznaje, zatwierdza i po\u015bwiadcza kompetencje.<\/p>\n<p>Mi\u0119dzy trzema delegaturami, Epralima oferuje szereg kurs\u00f3w, od gotowania, przez elektronik\u0119, turystyk\u0119, po projektowanie cyfrowe 3D i inne. Obecnie Epralima ma \u015brednio 350 uczni\u00f3w podzielonych pomi\u0119dzy 3 delegatury.<\/p>\n<p>Jako szko\u0142a zawodowa wierzymy, \u017ce wszyscy uczniowie mog\u0105 skorzysta\u0107 z rozwoju umiej\u0119tno\u015bci, kt\u00f3re ucz\u0105 ich my\u015ble\u0107 nieszablonowo i kt\u00f3re piel\u0119gnuj\u0105 niekonwencjonalne talenty. Ponadto, umiej\u0119tno\u015bci te stwarzaj\u0105 mo\u017cliwo\u015bci, zapewniaj\u0105 sprawiedliwo\u015b\u0107 spo\u0142eczn\u0105, wzbudzaj\u0105 zaufanie i stymuluj\u0105 gospodark\u0119. Dla Epralimy jest to proces uczenia si\u0119 przez ca\u0142e \u017cycie, kt\u00f3ry powinien rozpocz\u0105\u0107 si\u0119 ju\u017c w szkole podstawowej i rozwija\u0107 si\u0119 przez wszystkie poziomy edukacji, w tym edukacj\u0119 doros\u0142ych.<\/p>\n<p>Strona internetowa: <a href=\"https:\/\/www.epralima.com\">https:\/\/www.epralima.com<\/a><\/p>\n<p>Kontakt: <a href=\"mailto:ceubranco@epralima.pt\">ceubranco@epralima.pt<\/a><\/p>\n<hr \/>\n<h2 style=\"text-align: center;\"><img loading=\"lazy\" decoding=\"async\" class=\"wp-image-90 size-medium aligncenter\" src=\"https:\/\/b-eco.erasmus.site\/wp-content\/uploads\/2022\/06\/eurotraining-300x300.png\" alt=\"\" width=\"300\" height=\"300\" srcset=\"https:\/\/b-eco.erasmus.site\/wp-content\/uploads\/2022\/06\/eurotraining.png 300w, https:\/\/b-eco.erasmus.site\/wp-content\/uploads\/2022\/06\/eurotraining-150x150.png 150w\" sizes=\"(max-width: 300px) 100vw, 300px\" \/><strong>EUROTraining<\/strong><\/h2>\n<p>EUROTraining jest Centrum Kszta\u0142cenia Zawodowego zlokalizowanym w Atenach w Grecji z dwoma dodatkowymi certyfikowanymi oddzia\u0142ami w miastach Saloniki i Volos w Grecji. EUROTraining specjalizuje si\u0119 w sektorach Przedsi\u0119biorczo\u015bci, Edukacji Doros\u0142ych, ICT, Zarz\u0105dzania Finansami i Turystyki. Organizacja jest w \u015bcis\u0142ym zwi\u0105zku z rynkiem pracy i stara si\u0119 \u0142\u0105czy\u0107 swoj\u0105 ofert\u0119 edukacyjn\u0105 z potrzebami przedsi\u0119biorstw, organ\u00f3w i organizacji zar\u00f3wno w sektorze publicznym jak i prywatnym. Jednym z g\u0142\u00f3wnych cel\u00f3w organizacji jest przyczynianie si\u0119 do podnoszenia kwalifikacji pracownik\u00f3w w spos\u00f3b daj\u0105cy im przewag\u0119 konkurencyjn\u0105.<\/p>\n<p>G\u0142\u00f3wnymi grupami docelowymi program\u00f3w szkoleniowych i seminari\u00f3w EUROTraining s\u0105 mi\u0119dzy innymi osoby bezrobotne, nowo zatrudnione, m\u0142odzi i aspiruj\u0105cy przedsi\u0119biorcy, pracownicy, osoby niepe\u0142nosprawne, kadra kierownicza, absolwenci szk\u00f3\u0142 \u015brednich i uniwersytet\u00f3w.<\/p>\n<p>Kluczowe dzia\u0142ania organizacji to oferowanie nowoczesnych program\u00f3w szkole\u0144 zawodowych (tak\u017ce poprzez blended learning z wykorzystaniem technologii informacyjno-komunikacyjnych), internetowych system\u00f3w zarz\u0105dzania nauk\u0105, seminari\u00f3w szkoleniowych z zakresu zasob\u00f3w ludzkich oraz seminari\u00f3w szkoleniowych z zakresu przedsi\u0119biorczo\u015bci. Wszystkie trzy oddzia\u0142y EUROTraining w Grecji oferuj\u0105 przestronne i nowoczesne sale dydaktyczne, najnowocze\u015bniejsze Laboratoria Informatyczne, specjalistyczny sprz\u0119t u\u0142atwiaj\u0105cy dost\u0119p do pomieszcze\u0144, biblioteki z dost\u0119pem do Internetu, miejsca opieki nad dzie\u0107mi oraz system oceny zada\u0144 szkoleniowych (ARGUS ERP).<\/p>\n<p>Strona internetowa: <a href=\"https:\/\/www.eurotraining.gr\/\" target=\"_blank\" rel=\"noopener\">www.eurotraining.gr<\/a><\/p>\n<p>Kontakt: <a href=\"mailto:vkoutsogiannopoulou@eurotraining.gr\">vkoutsogiannopoulou@eurotraining.gr<\/a><\/p>\n<hr \/>\n<p><\/p>","protected":false},"excerpt":{"rendered":"<p>UNIWERSYTET V MARIBORU (UM) &#8211; koordynator projektu Uniwersytet w Mariborze (Univerza v Mariboru) jest drugim co do wielko\u015bci i drugim&hellip;&nbsp;<\/p>\n","protected":false},"author":1,"featured_media":0,"parent":0,"menu_order":0,"comment_status":"closed","ping_status":"closed","template":"","meta":{"neve_meta_sidebar":"","neve_meta_container":"","neve_meta_enable_content_width":"off","neve_meta_content_width":100,"neve_meta_title_alignment":"","neve_meta_author_avatar":"","neve_post_elements_order":"","neve_meta_disable_header":"","neve_meta_disable_footer":"","neve_meta_disable_title":"","footnotes":""},"class_list":["post-110","page","type-page","status-publish","hentry"],"_links":{"self":[{"href":"https:\/\/b-eco.erasmus.site\/pl\/wp-json\/wp\/v2\/pages\/110","targetHints":{"allow":["GET"]}}],"collection":[{"href":"https:\/\/b-eco.erasmus.site\/pl\/wp-json\/wp\/v2\/pages"}],"about":[{"href":"https:\/\/b-eco.erasmus.site\/pl\/wp-json\/wp\/v2\/types\/page"}],"author":[{"embeddable":true,"href":"https:\/\/b-eco.erasmus.site\/pl\/wp-json\/wp\/v2\/users\/1"}],"replies":[{"embeddable":true,"href":"https:\/\/b-eco.erasmus.site\/pl\/wp-json\/wp\/v2\/comments?post=110"}],"version-history":[{"count":14,"href":"https:\/\/b-eco.erasmus.site\/pl\/wp-json\/wp\/v2\/pages\/110\/revisions"}],"predecessor-version":[{"id":232,"href":"https:\/\/b-eco.erasmus.site\/pl\/wp-json\/wp\/v2\/pages\/110\/revisions\/232"}],"wp:attachment":[{"href":"https:\/\/b-eco.erasmus.site\/pl\/wp-json\/wp\/v2\/media?parent=110"}],"curies":[{"name":"wp","href":"https:\/\/api.w.org\/{rel}","templated":true}]}}