{"id":110,"date":"2022-06-21T14:55:17","date_gmt":"2022-06-21T14:55:17","guid":{"rendered":"https:\/\/b-eco.erasmus.site\/?page_id=110"},"modified":"2023-07-17T19:11:44","modified_gmt":"2023-07-17T19:11:44","slug":"partnership","status":"publish","type":"page","link":"https:\/\/b-eco.erasmus.site\/it\/partnership\/","title":{"rendered":"I partner"},"content":{"rendered":"<p><\/p>\n<h2 style=\"text-align: center;\"><img fetchpriority=\"high\" decoding=\"async\" class=\"wp-image-129 size-medium aligncenter\" src=\"https:\/\/b-eco.erasmus.site\/wp-content\/uploads\/2022\/06\/univ-300x300.png\" alt=\"\" width=\"300\" height=\"300\" srcset=\"https:\/\/b-eco.erasmus.site\/wp-content\/uploads\/2022\/06\/univ.png 300w, https:\/\/b-eco.erasmus.site\/wp-content\/uploads\/2022\/06\/univ-150x150.png 150w\" sizes=\"(max-width: 300px) 100vw, 300px\" \/>UNIVERZA V MARIBORU (UM) &#8211; Coordinatore del progetto<\/h2>\n<p>L&#8217;Univerza v Mariboru (in italiano: Universit\u00e0 di Maribor) \u00e8 la seconda universit\u00e0 pi\u00f9 grande e pi\u00f9 antica della Slovenia. \u00c8 un&#8217;istituzione pubblica autonoma per la scienza, la ricerca e l&#8217;istruzione, con 1.960 dipendenti e circa 14.000 studenti che studiano nelle 17 facolt\u00e0. L&#8217;Universit\u00e0 di Maribor \u00e8 orientata ad attrarre i migliori studenti e a creare un ambiente di formazione in cui l&#8217;eccellenza sia di casa sotto ogni aspetto. Sta diventando un&#8217;istituzione centrale per lo sviluppo, che stabilisce legami con l&#8217;economia e, insieme ai suoi partner, crea un centro di sviluppo sostenibile per l&#8217;intera regione. Sta rapidamente elaborando nuove aree di attivit\u00e0, sperimentando nuovi metodi di studio e cercando nuovi modi di integrarsi con l&#8217;ambiente circostante.<\/p>\n<p>L&#8217;UM sta sviluppando discipline scientifiche che comprendono ingegneria, biotecnologia, scienze umane, medicina, scienze sociali e scienze naturali. L&#8217;UM \u00e8 uno sviluppatore regionale con la visione di essere un ecosistema di innovazione riconosciuto a livello globale, in cui gli studenti, i docenti e il personale amministrativo si impegnano con entusiasmo in attivit\u00e0 creative. L&#8217;UM mira a promuovere partnership con aziende, istituzioni governative e non governative e altre istituzioni della societ\u00e0 per arricchire l&#8217;insegnamento universitario, la ricerca e l&#8217;attivit\u00e0 creativa; preparare cittadini istruiti e consapevoli; rafforzare i valori democratici ed etici e la responsabilit\u00e0 civica, affrontando le questioni critiche della societ\u00e0; rispettare le questioni ecologiche e ambientali, promuovendo la sostenibilit\u00e0 nello sviluppo e contribuendo al bene pubblico.<\/p>\n<p>Sito web: <a href=\"https:\/\/www.um.si\/\">https:\/\/www.um.si\/<\/a><\/p>\n<p>Contatto: <a href=\"mailto:karolina.bucka@um.si\">karolina.bucka@um.si<\/a><\/p>\n<hr \/>\n<h2 style=\"text-align: center;\"><img decoding=\"async\" class=\"wp-image-71 size-medium aligncenter\" src=\"https:\/\/b-eco.erasmus.site\/wp-content\/uploads\/2022\/06\/lovila-300x300.png\" alt=\"\" width=\"300\" height=\"300\" srcset=\"https:\/\/b-eco.erasmus.site\/wp-content\/uploads\/2022\/06\/lovila.png 300w, https:\/\/b-eco.erasmus.site\/wp-content\/uploads\/2022\/06\/lovila-150x150.png 150w\" sizes=\"(max-width: 300px) 100vw, 300px\" \/>Lovila Limited \u2013 Cipro<\/h2>\n<p>Lovila \u00e8 un istituto di consulenza e formazione cipriota nato con l&#8217;obiettivo di favorire lo sviluppo professionale e personale di individui, aziende e imprese di recente costituzione, focalizzato sulla promozione dell&#8217;apprendimento continuo, della digitalizzazione e dell&#8217;innovazione a diversi livelli e contesti di istruzione. Lovila offre servizi alle aziende e agli imprenditori che hanno bisogno di innovazione, formazione e trasformazione digitale, che giocano un ruolo fondamentale nella capacit\u00e0 di un&#8217;organizzazione di evolversi al passo con il mercato. Lovila fornisce anche un supporto formativo di alto livello a giovani e adulti che hanno bisogno di integrarsi professionalmente; sviluppare competenze e qualifiche di base, competenze digitali e imprenditoriali, mentalit\u00e0 e stili di vita sostenibili; inserirsi e reinserirsi nel mercato del lavoro, sviluppando la motivazione e offrendo consulenza e orientamento al lavoro.<\/p>\n<p>Lovila crede nella grande importanza della sostenibilit\u00e0 ambientale e nella capacit\u00e0 di equilibrare l&#8217;attuale rapporto dirompente tra la cultura umana e imprenditoriale e il pianeta. In questo modo, i servizi dell&#8217;azienda sono sempre alla ricerca di pratiche lavorative sostenibili e di un futuro ecosostenibile attraverso l&#8217;educazione.<\/p>\n<p>Sito web: <a href=\"http:\/\/www.lovila.eu\" target=\"_blank\" rel=\"noopener\">www.lovila.eu<\/a><\/p>\n<p>Contatto: <a href=\"mailto:info@lovila.eu\">info@lovila.eu<\/a><\/p>\n<hr \/>\n<h2 style=\"text-align: center;\"><img decoding=\"async\" class=\"wp-image-81 size-medium aligncenter\" src=\"https:\/\/b-eco.erasmus.site\/wp-content\/uploads\/2022\/06\/cwep-300x300.png\" alt=\"\" width=\"300\" height=\"300\" srcset=\"https:\/\/b-eco.erasmus.site\/wp-content\/uploads\/2022\/06\/cwep.png 300w, https:\/\/b-eco.erasmus.site\/wp-content\/uploads\/2022\/06\/cwep-150x150.png 150w\" sizes=\"(max-width: 300px) 100vw, 300px\" \/><strong>Centrum Wspierania Edukacji i Przedsi\u0119biorczo\u015bci (CWEP) \u2013 Polonia<br \/>\n<\/strong><\/h2>\n<p>Il Centro per l\u2019Istruzione e il Sostegno all\u2019Imprenditorialit\u00e0 (CWEP) \u00e8 un\u2019organizzazione non governativa fondata nel 2004 da un gruppo di imprenditori, insegnanti e attivisti di Rzesz\u00f3w, in Polonia. CWEP collabora con aziende e istituti di formazione. La missione di CWEP \u00e8 migliorare la qualit\u00e0 della formazione scolastica a tutti i livelli e in tutte le sue forme, nonch\u00e9 promuovere l\u2019imprenditorialit\u00e0 per favorire l\u2019integrazione di qualsiasi gruppo sociale, indipendentemente dal genere, dall\u2019et\u00e0 o dall\u2019origine etnica. In particolare, i suoi obiettivi sono: migliorare l\u2019accessibilit\u00e0, la qualit\u00e0 e l\u2019efficienza dell\u2019istruzione per tutti e tutte, promuovere e contribuire alla formazione degli adulti, all\u2019apprendimento continuo, all\u2019e-learning e all\u2019uso delle nuove tecnologie nell\u2019istruzione e nell\u2019imprenditorialit\u00e0. L\u2019Associazione collabora con numerosi partner europei per rafforzare la posizione economica delle imprese e sviluppa piattaforme on-line per le aziende.<\/p>\n<p>Sito web: <a href=\"http:\/\/www.cwep.eu\/\" target=\"_blank\" rel=\"noopener\">www.cwep.eu<\/a><\/p>\n<p>Contatto: <a href=\"mailto:office@cwep.eu\">office@cwep.eu<\/a><\/p>\n<hr \/>\n<h2 style=\"text-align: center;\"><img loading=\"lazy\" decoding=\"async\" class=\"wp-image-85 size-medium aligncenter\" src=\"https:\/\/b-eco.erasmus.site\/wp-content\/uploads\/2022\/06\/euphoria-300x300.png\" alt=\"\" width=\"300\" height=\"300\" srcset=\"https:\/\/b-eco.erasmus.site\/wp-content\/uploads\/2022\/06\/euphoria.png 300w, https:\/\/b-eco.erasmus.site\/wp-content\/uploads\/2022\/06\/euphoria-150x150.png 150w\" sizes=\"(max-width: 300px) 100vw, 300px\" \/>Euphoria Net &#8211; Italia<\/h2>\n<p>Euphoria Net Srl \u00e8 una azienda italiana costituita nel marzo 2019 (spin off dell&#8217;ex Associazione Euphoria fondata nel 2014) che fornisce servizi nel campo del project management, supportando le organizzazioni nella realizzazione e gestione di progetti e organizzando corsi di formazione su queste tematiche. Euphoria \u00e8 specializzata nel settore dell\u2019istruzione e lavora a progetti che vogliono portare innovazione in questo campo. Le tre principali aree di lavoro sono: 1 \u2013 Gestione dei progetti: seguiamo tutti gli aspetti relativi ai progetti dell\u2019UE; 2 \u2013 Corsi di formazione: organizziamo corsi di formazione rivolti in particolare alle scuole di ogni ordine e grado, alle universit\u00e0 e alle associazioni. I temi trattati sono: gestione dei progetti, competenze digitali, imprenditorialit\u00e0, potenziamento delle STEM a scuola, cittadinanza europea, apprendimento personalizzato, soft skill e metodologie innovative. 3 \u2013 Organizzazione di eventi e strategie di comunicazione: sviluppiamo le strategie di disseminazione dei progetti, curandone il branding, la comunicazione, la mappatura degli stakeholder, l\u2019organizzazione e il coordinamento di eventi in tutta Europa.<\/p>\n<p>Sito web: <a href=\"https:\/\/euphorianet.it\/\" target=\"_blank\" rel=\"noopener\">www.euphorianet.it<\/a><\/p>\n<p>Contatto: <a href=\"mailto:a.bevilacqua@euphorianet.it\">a.bevilacqua@euphorianet.it<\/a><\/p>\n<hr \/>\n<h2 style=\"text-align: center;\"><img loading=\"lazy\" decoding=\"async\" class=\"aligncenter wp-image-104 size-medium\" src=\"https:\/\/b-eco.erasmus.site\/wp-content\/uploads\/2022\/06\/epralima-300x300.png\" alt=\"\" width=\"300\" height=\"300\" srcset=\"https:\/\/b-eco.erasmus.site\/wp-content\/uploads\/2022\/06\/epralima.png 300w, https:\/\/b-eco.erasmus.site\/wp-content\/uploads\/2022\/06\/epralima-150x150.png 150w\" sizes=\"(max-width: 300px) 100vw, 300px\" \/>Epralima Vocational Training School &#8211; Portogallo<\/h2>\n<p>La Scuola di formazione professionale Epralima si trova nel nord del Portogallo, nella citt\u00e0 di Arcos de Valdevez. \u00c8 composta da tre delegazioni: la sede centrale ad Arcos de Valdevez, una delegazione a Ponte da Barca e una delegazione a Ponte de Lima. Dispone inoltre di un Centro tecnico e di un Centro di qualificazione che riconosce, convalida e certifica le competenze.<\/p>\n<p>Tra le tre delegazioni, Epralima offre un&#8217;ampia gamma di corsi, dalla cucina all&#8217;elettronica, al turismo, al design digitale 3D e altro ancora. Attualmente, Epralima conta una media di 350 studenti distribuiti tra le 3 delegazioni.<\/p>\n<p>Come scuola professionale, crediamo che tutti gli studenti possano trarre beneficio dallo sviluppo di competenze che insegnano a pensare fuori dagli schemi e che coltivano talenti non convenzionali. Inoltre, queste competenze creano opportunit\u00e0, garantiscono la giustizia sociale, infondono fiducia e stimolano l&#8217;economia. Per Epralima \u00e8 un processo di apprendimento lungo tutto l&#8217;arco della vita che dovrebbe iniziare fin dalla scuola elementare e continuare a crescere attraverso tutti i livelli di istruzione, compresa l&#8217;educazione degli adulti.<\/p>\n<p>Sito web: <a href=\"https:\/\/www.epralima.com\">https:\/\/www.epralima.com<\/a><\/p>\n<p>Contatto: <a href=\"mailto:ceubranco@epralima.pt\">ceubranco@epralima.pt<\/a><\/p>\n<hr \/>\n<h2 style=\"text-align: center;\"><img loading=\"lazy\" decoding=\"async\" class=\"wp-image-90 size-medium aligncenter\" src=\"https:\/\/b-eco.erasmus.site\/wp-content\/uploads\/2022\/06\/eurotraining-300x300.png\" alt=\"\" width=\"300\" height=\"300\" srcset=\"https:\/\/b-eco.erasmus.site\/wp-content\/uploads\/2022\/06\/eurotraining.png 300w, https:\/\/b-eco.erasmus.site\/wp-content\/uploads\/2022\/06\/eurotraining-150x150.png 150w\" sizes=\"(max-width: 300px) 100vw, 300px\" \/><strong>EUROTraining &#8211; Grecia<br \/>\n<\/strong><\/h2>\n<p>EUROTraining \u00e8 un centro di formazione professionale situato ad Atene, in Grecia, con altre due sedi certificate nelle citt\u00e0 di Salonicco e Volos. EUROTraining \u00e8 specializzato nei settori dell&#8217;imprenditorialit\u00e0, dell&#8217;educazione degli adulti, delle ICT, della gestione finanziaria e del turismo. L&#8217;organizzazione \u00e8 in stretto contatto con il mercato del lavoro e cerca di collegare la propria offerta formativa alle esigenze di imprese, enti e organizzazioni del settore pubblico e privato. Uno degli obiettivi principali dell&#8217;organizzazione \u00e8 quello di contribuire alla specializzazione dei dipendenti in modo da fornire loro un vantaggio competitivo.<\/p>\n<p>I programmi di formazione e i seminari di EUROTraining si rivolgono a disoccupati, neoassunti, giovani e aspiranti imprenditori, dipendenti, persone con disabilit\u00e0, dirigenti, diplomati di scuole superiori e universit\u00e0.<\/p>\n<p>Le attivit\u00e0 principali dell&#8217;organizzazione sono l&#8217;offerta di moderni programmi di formazione professionale (anche attraverso l&#8217;apprendimento misto abilitato dalle ICT), sistemi di gestione dell&#8217;apprendimento basati sul web, seminari di formazione sulle risorse umane e seminari di formazione inter-imprenditoriale. Tutte e tre le filiali di EUROTraining in Grecia offrono aule didattiche spaziose e moderne, laboratori informatici all&#8217;avanguardia, attrezzature specializzate di facile accesso alle sedi, biblioteche con accesso a Internet, strutture per l&#8217;infanzia e sistema di valutazione dei compiti formativi (ARGUS ERP).<\/p>\n<p>Sito web: <a href=\"https:\/\/www.eurotraining.gr\/\" target=\"_blank\" rel=\"noopener\">www.eurotraining.gr<\/a><\/p>\n<p>Contatto: <a href=\"mailto:vkoutsogiannopoulou@eurotraining.gr\">vkoutsogiannopoulou@eurotraining.gr<\/a><\/p>\n<hr \/>\n<p><\/p>","protected":false},"excerpt":{"rendered":"<p>UNIVERZA V MARIBORU (UM) &#8211; Coordinatore del progetto L&#8217;Univerza v Mariboru (in italiano: Universit\u00e0 di Maribor) \u00e8 la seconda universit\u00e0&hellip;&nbsp;<\/p>\n","protected":false},"author":1,"featured_media":0,"parent":0,"menu_order":0,"comment_status":"closed","ping_status":"closed","template":"","meta":{"neve_meta_sidebar":"","neve_meta_container":"","neve_meta_enable_content_width":"off","neve_meta_content_width":100,"neve_meta_title_alignment":"","neve_meta_author_avatar":"","neve_post_elements_order":"","neve_meta_disable_header":"","neve_meta_disable_footer":"","neve_meta_disable_title":"","footnotes":""},"class_list":["post-110","page","type-page","status-publish","hentry"],"_links":{"self":[{"href":"https:\/\/b-eco.erasmus.site\/it\/wp-json\/wp\/v2\/pages\/110","targetHints":{"allow":["GET"]}}],"collection":[{"href":"https:\/\/b-eco.erasmus.site\/it\/wp-json\/wp\/v2\/pages"}],"about":[{"href":"https:\/\/b-eco.erasmus.site\/it\/wp-json\/wp\/v2\/types\/page"}],"author":[{"embeddable":true,"href":"https:\/\/b-eco.erasmus.site\/it\/wp-json\/wp\/v2\/users\/1"}],"replies":[{"embeddable":true,"href":"https:\/\/b-eco.erasmus.site\/it\/wp-json\/wp\/v2\/comments?post=110"}],"version-history":[{"count":14,"href":"https:\/\/b-eco.erasmus.site\/it\/wp-json\/wp\/v2\/pages\/110\/revisions"}],"predecessor-version":[{"id":232,"href":"https:\/\/b-eco.erasmus.site\/it\/wp-json\/wp\/v2\/pages\/110\/revisions\/232"}],"wp:attachment":[{"href":"https:\/\/b-eco.erasmus.site\/it\/wp-json\/wp\/v2\/media?parent=110"}],"curies":[{"name":"wp","href":"https:\/\/api.w.org\/{rel}","templated":true}]}}